{"id":65010,"date":"2021-02-26T15:56:36","date_gmt":"2021-02-26T14:56:36","guid":{"rendered":"https:\/\/www.torgnon.org\/bienvenue-chez-vous\/"},"modified":"2021-03-13T11:54:28","modified_gmt":"2021-03-13T10:54:28","slug":"bienvenue-chez-vous","status":"publish","type":"page","link":"https:\/\/www.torgnon.org\/fr\/bienvenue-chez-vous\/","title":{"rendered":"Bienvenue chez-vous"},"content":{"rendered":"[vc_row type=\u00a0\u00bbfull_width_content\u00a0\u00bb full_screen_row_position=\u00a0\u00bbmiddle\u00a0\u00bb column_margin=\u00a0\u00bbdefault\u00a0\u00bb equal_height=\u00a0\u00bbyes\u00a0\u00bb content_placement=\u00a0\u00bbmiddle\u00a0\u00bb column_direction=\u00a0\u00bbdefault\u00a0\u00bb column_direction_tablet=\u00a0\u00bbdefault\u00a0\u00bb column_direction_phone=\u00a0\u00bbdefault\u00a0\u00bb full_height=\u00a0\u00bbyes\u00a0\u00bb columns_placement=\u00a0\u00bbstretch\u00a0\u00bb scene_position=\u00a0\u00bbcenter\u00a0\u00bb text_color=\u00a0\u00bbdark\u00a0\u00bb text_align=\u00a0\u00bbleft\u00a0\u00bb row_border_radius=\u00a0\u00bbnone\u00a0\u00bb row_border_radius_applies=\u00a0\u00bbbg\u00a0\u00bb overlay_strength=\u00a0\u00bb0.3&Prime; gradient_direction=\u00a0\u00bbleft_to_right\u00a0\u00bb shape_divider_position=\u00a0\u00bbbottom\u00a0\u00bb bg_image_animation=\u00a0\u00bbnone\u00a0\u00bb][vc_column column_padding=\u00a0\u00bbno-extra-padding\u00a0\u00bb column_padding_tablet=\u00a0\u00bbinherit\u00a0\u00bb column_padding_phone=\u00a0\u00bbinherit\u00a0\u00bb column_padding_position=\u00a0\u00bball\u00a0\u00bb background_color_opacity=\u00a0\u00bb1&Prime; background_hover_color_opacity=\u00a0\u00bb1&Prime; background_image=\u00a0\u00bb60264&Prime; background_image_position=\u00a0\u00bbcenter center\u00a0\u00bb column_shadow=\u00a0\u00bbnone\u00a0\u00bb column_border_radius=\u00a0\u00bbnone\u00a0\u00bb column_link_target=\u00a0\u00bb_self\u00a0\u00bb gradient_direction=\u00a0\u00bbleft_to_right\u00a0\u00bb overlay_strength=\u00a0\u00bb0.3&Prime; width=\u00a0\u00bb1\/2&Prime; tablet_width_inherit=\u00a0\u00bbdefault\u00a0\u00bb tablet_text_alignment=\u00a0\u00bbdefault\u00a0\u00bb phone_text_alignment=\u00a0\u00bbdefault\u00a0\u00bb column_border_width=\u00a0\u00bbnone\u00a0\u00bb column_border_style=\u00a0\u00bbsolid\u00a0\u00bb bg_image_animation=\u00a0\u00bbnone\u00a0\u00bb][divider line_type=\u00a0\u00bbNo Line\u00a0\u00bb custom_height=\u00a0\u00bb500&Prime;][\/vc_column][vc_column column_padding=\u00a0\u00bbpadding-8-percent\u00a0\u00bb column_padding_tablet=\u00a0\u00bbinherit\u00a0\u00bb column_padding_phone=\u00a0\u00bbinherit\u00a0\u00bb column_padding_position=\u00a0\u00bball\u00a0\u00bb background_color=\u00a0\u00bb#ffffff\u00a0\u00bb background_color_opacity=\u00a0\u00bb1&Prime; background_hover_color_opacity=\u00a0\u00bb1&Prime; column_shadow=\u00a0\u00bbnone\u00a0\u00bb column_border_radius=\u00a0\u00bbnone\u00a0\u00bb column_link_target=\u00a0\u00bb_self\u00a0\u00bb gradient_direction=\u00a0\u00bbleft_to_right\u00a0\u00bb overlay_strength=\u00a0\u00bb0.3&Prime; width=\u00a0\u00bb1\/2&Prime; tablet_width_inherit=\u00a0\u00bbdefault\u00a0\u00bb tablet_text_alignment=\u00a0\u00bbdefault\u00a0\u00bb phone_text_alignment=\u00a0\u00bbdefault\u00a0\u00bb column_border_width=\u00a0\u00bbnone\u00a0\u00bb column_border_style=\u00a0\u00bbsolid\u00a0\u00bb bg_image_animation=\u00a0\u00bbnone\u00a0\u00bb][nectar_animated_title heading_tag=\u00a0\u00bbh5&Prime; style=\u00a0\u00bbhinge-drop\u00a0\u00bb color=\u00a0\u00bbAccent-Color\u00a0\u00bb text=\u00a0\u00bbBienvenue chez vous\u00a0\u00bb][vc_custom_heading text=\u00a0\u00bbTorgnon\u00a0\u00bb font_container=\u00a0\u00bbtag:h2|font_size:42|text_align:left|line_height:52px\u00a0\u00bb use_theme_fonts=\u00a0\u00bbyes\u00a0\u00bb][vc_column_text]\n<p align=\"justify\"><span style=\"color: #000000;\"><span style=\"font-size: medium;\"><span lang=\"fr-FR\">Accueillante par nature, Torgnon est la destination touristique id\u00e9ale pour ceux qui, en montagne, recherchent \u00e9motion<\/span><\/span><span style=\"font-size: medium;\"><span lang=\"fr-FR\">s<\/span><\/span><span style=\"font-size: medium;\"><span lang=\"fr-FR\">, d\u00e9tente, sport, bien-\u00eatre, d\u00e9passement de soi et <\/span><\/span><span style=\"font-size: medium;\"><span lang=\"fr-FR\">de <\/span><\/span><span style=\"font-size: medium;\"><span lang=\"fr-FR\">splendides panoramas. Donnant sur la vall\u00e9e du Cervin, le village offre une vue unique sur l&rsquo;une des montagnes les plus suggestives de tout l&rsquo;arc alpin. Depuis les pistes de notre domaine skiable ou depuis l&rsquo;un des innombrables sentiers qui sillonnent nos montagnes, le <\/span><\/span><span style=\"font-size: medium;\"><span lang=\"fr-FR\">m<\/span><\/span><span style=\"font-size: medium;\"><span lang=\"fr-FR\">ont Cervin est toujours l\u00e0, pr\u00eat \u00e0 surprendre le regard <\/span><\/span><span style=\"font-size: medium;\"><span lang=\"fr-FR\">par<\/span><\/span><span style=\"font-size: medium;\"><span lang=\"fr-FR\"> son imposante masse rocheuse.<\/span><\/span><\/span><\/p>\n<p align=\"justify\"><span style=\"color: #000000;\"><span style=\"font-size: medium;\"><span lang=\"fr-FR\">Juch\u00e9<\/span><\/span><span style=\"font-size: medium;\"><span lang=\"fr-FR\"> sur le versant droit de la vall\u00e9e, Torgnon b\u00e9n\u00e9ficie d&rsquo;un tr\u00e8s b<\/span><\/span><span style=\"font-size: medium;\"><span lang=\"fr-FR\">el<\/span><\/span><span style=\"font-size: medium;\"><span lang=\"fr-FR\"> ensoleillement <\/span><\/span><span style=\"font-size: medium;\"><span lang=\"fr-FR\">pendant<\/span><\/span><span style=\"font-size: medium;\"><span lang=\"fr-FR\"> une bonne partie de la journ\u00e9e, au point <\/span><\/span><span style=\"font-size: medium;\"><span lang=\"fr-FR\">d\u2019avoir<\/span><\/span><span style=\"font-size: medium;\"><span lang=\"fr-FR\"> \u00e9t\u00e9 surnomm\u00e9 <\/span><\/span><span style=\"font-family: Calibri, sans-serif;\"><span style=\"font-size: medium;\"><span lang=\"fr-FR\">\u00ab<\/span><\/span><\/span><span style=\"font-family: Calibri, serif;\"><span style=\"font-size: medium;\"><span lang=\"fr-FR\">\u00a0<\/span><\/span><\/span><span style=\"font-size: medium;\"><span lang=\"fr-FR\">le pays du soleil\u00a0\u00bb.<\/span><\/span><\/span><\/p>\n<p align=\"justify\"><span style=\"color: #000000;\"><span style=\"font-size: medium;\"><span lang=\"fr-FR\">De plus, <\/span><\/span><span style=\"font-size: medium;\"><span lang=\"fr-FR\">Torgnon offre des <\/span><\/span><span style=\"font-size: medium;\"><span lang=\"fr-FR\">pistes de ski alpin <\/span><\/span><span style=\"font-size: medium;\"><span lang=\"fr-FR\">pour skieurs <\/span><\/span><span style=\"font-size: medium;\"><span lang=\"fr-FR\">de tous <\/span><\/span><span style=\"font-size: medium;\"><span lang=\"fr-FR\">les niveaux<\/span><\/span><span style=\"font-size: medium;\"><span lang=\"fr-FR\">, <\/span><\/span><span style=\"font-size: medium;\"><span lang=\"fr-FR\">certaines <\/span><\/span><span style=\"font-size: medium;\"><span lang=\"fr-FR\">des <\/span><\/span><span style=\"font-size: medium;\"><span lang=\"fr-FR\">pistes de ski de fond les plus panoramiques d<\/span><\/span><span style=\"font-size: medium;\"><span lang=\"fr-FR\">e la <\/span><\/span><span style=\"font-size: medium;\"><span lang=\"fr-FR\">Val<\/span><\/span><span style=\"font-size: medium;\"><span lang=\"fr-FR\">l\u00e9e<\/span><\/span><span style=\"font-size: medium;\"><span lang=\"fr-FR\"> d&rsquo;Aoste, <\/span><\/span><span style=\"font-size: medium;\"><span lang=\"fr-FR\">des <\/span><\/span><span style=\"font-size: medium;\"><span lang=\"fr-FR\">parcours de trekking pour excursionnistes de tous <\/span><\/span><span style=\"font-size: medium;\"><span lang=\"fr-FR\">les <\/span><\/span><span style=\"font-size: medium;\"><span lang=\"fr-FR\">niveaux, <\/span><\/span><span style=\"font-size: medium;\"><span lang=\"fr-FR\">des <\/span><\/span><span style=\"font-size: medium;\"><span lang=\"fr-FR\">espaces et <\/span><\/span><span style=\"font-size: medium;\"><span lang=\"fr-FR\">des <\/span><\/span><span style=\"font-size: medium;\"><span lang=\"fr-FR\">activit\u00e9s d\u00e9di\u00e9s aux plus petits<\/span><\/span><span style=\"font-size: medium;\"><span lang=\"fr-FR\"> et ce ne sont<\/span><\/span><span style=\"font-size: medium;\"><span lang=\"fr-FR\"> que quelques-unes des raisons <\/span><\/span><span style=\"font-size: medium;\"><span lang=\"fr-FR\">qui peuvent <\/span><\/span><span style=\"font-size: medium;\"><span lang=\"fr-FR\">vous convaincre de <\/span><\/span><span style=\"font-size: medium;\"><span lang=\"fr-FR\">venir y <\/span><\/span><span style=\"font-size: medium;\"><span lang=\"fr-FR\">passer vos vacances. Des vacances qui vous permettront de conjuguer votre amour de la montagne \u00e0 la saveur unique d&rsquo;un accueil chaleureux et de la tradition.<\/span><\/span><\/span><\/p>\n<p lang=\"fr-FR\" align=\"justify\"><span style=\"color: #000000;\"><span style=\"font-size: medium;\">\u00c0 Torgnon, vous vous sentirez toujours chez vous.<\/span><\/span><\/p>\n[\/vc_column_text][\/vc_column][\/vc_row][vc_row type=\u00a0\u00bbfull_width_content\u00a0\u00bb full_screen_row_position=\u00a0\u00bbmiddle\u00a0\u00bb column_margin=\u00a0\u00bbdefault\u00a0\u00bb column_direction=\u00a0\u00bbdefault\u00a0\u00bb column_direction_tablet=\u00a0\u00bbdefault\u00a0\u00bb column_direction_phone=\u00a0\u00bbdefault\u00a0\u00bb bg_color=\u00a0\u00bb#18191c\u00a0\u00bb scene_position=\u00a0\u00bbcenter\u00a0\u00bb text_color=\u00a0\u00bblight\u00a0\u00bb text_align=\u00a0\u00bbleft\u00a0\u00bb row_border_radius=\u00a0\u00bbnone\u00a0\u00bb row_border_radius_applies=\u00a0\u00bbbg\u00a0\u00bb overlay_strength=\u00a0\u00bb0.3&Prime; gradient_direction=\u00a0\u00bbleft_to_right\u00a0\u00bb shape_divider_position=\u00a0\u00bbbottom\u00a0\u00bb bg_image_animation=\u00a0\u00bbnone\u00a0\u00bb][vc_column column_padding=\u00a0\u00bbno-extra-padding\u00a0\u00bb column_padding_tablet=\u00a0\u00bbinherit\u00a0\u00bb column_padding_phone=\u00a0\u00bbinherit\u00a0\u00bb column_padding_position=\u00a0\u00bball\u00a0\u00bb background_color_opacity=\u00a0\u00bb1&Prime; background_hover_color_opacity=\u00a0\u00bb1&Prime; column_shadow=\u00a0\u00bbnone\u00a0\u00bb column_border_radius=\u00a0\u00bbnone\u00a0\u00bb column_link_target=\u00a0\u00bb_self\u00a0\u00bb gradient_direction=\u00a0\u00bbleft_to_right\u00a0\u00bb overlay_strength=\u00a0\u00bb0.3&Prime; width=\u00a0\u00bb1\/2&Prime; tablet_width_inherit=\u00a0\u00bbdefault\u00a0\u00bb tablet_text_alignment=\u00a0\u00bbdefault\u00a0\u00bb phone_text_alignment=\u00a0\u00bbdefault\u00a0\u00bb column_border_width=\u00a0\u00bbnone\u00a0\u00bb column_border_style=\u00a0\u00bbsolid\u00a0\u00bb bg_image_animation=\u00a0\u00bbnone\u00a0\u00bb][vc_row_inner equal_height=\u00a0\u00bbyes\u00a0\u00bb content_placement=\u00a0\u00bbmiddle\u00a0\u00bb column_margin=\u00a0\u00bbdefault\u00a0\u00bb column_direction=\u00a0\u00bbdefault\u00a0\u00bb column_direction_tablet=\u00a0\u00bbdefault\u00a0\u00bb column_direction_phone=\u00a0\u00bbdefault\u00a0\u00bb text_align=\u00a0\u00bbleft\u00a0\u00bb][vc_column_inner column_padding=\u00a0\u00bbpadding-7-percent\u00a0\u00bb column_padding_tablet=\u00a0\u00bbinherit\u00a0\u00bb column_padding_phone=\u00a0\u00bbinherit\u00a0\u00bb column_padding_position=\u00a0\u00bball\u00a0\u00bb background_color=\u00a0\u00bb#6e8cad\u00a0\u00bb background_color_opacity=\u00a0\u00bb0.7&Prime; background_hover_color_opacity=\u00a0\u00bb1&Prime; background_image=\u00a0\u00bb60219&Prime; background_image_position=\u00a0\u00bbcenter center\u00a0\u00bb enable_bg_scale=\u00a0\u00bbtrue\u00a0\u00bb column_shadow=\u00a0\u00bbnone\u00a0\u00bb column_border_radius=\u00a0\u00bbnone\u00a0\u00bb column_link_target=\u00a0\u00bb_self\u00a0\u00bb gradient_direction=\u00a0\u00bbleft_to_right\u00a0\u00bb overlay_strength=\u00a0\u00bb0.3&Prime; width=\u00a0\u00bb1\/2&Prime; tablet_width_inherit=\u00a0\u00bbdefault\u00a0\u00bb column_border_width=\u00a0\u00bbnone\u00a0\u00bb column_border_style=\u00a0\u00bbsolid\u00a0\u00bb bg_image_animation=\u00a0\u00bbnone\u00a0\u00bb enable_animation=\u00a0\u00bbtrue\u00a0\u00bb animation=\u00a0\u00bbflip-in-vertical\u00a0\u00bb][divider line_type=\u00a0\u00bbNo Line\u00a0\u00bb custom_height=\u00a0\u00bb150&Prime;][\/vc_column_inner][vc_column_inner column_padding=\u00a0\u00bbpadding-7-percent\u00a0\u00bb column_padding_tablet=\u00a0\u00bbinherit\u00a0\u00bb column_padding_phone=\u00a0\u00bbinherit\u00a0\u00bb column_padding_position=\u00a0\u00bball\u00a0\u00bb background_color=\u00a0\u00bb#ffffff\u00a0\u00bb background_color_opacity=\u00a0\u00bb1&Prime; background_hover_color_opacity=\u00a0\u00bb1&Prime; font_color=\u00a0\u00bb#e2e2e2&Prime; column_shadow=\u00a0\u00bbnone\u00a0\u00bb column_border_radius=\u00a0\u00bbnone\u00a0\u00bb column_link_target=\u00a0\u00bb_self\u00a0\u00bb gradient_direction=\u00a0\u00bbleft_to_right\u00a0\u00bb overlay_strength=\u00a0\u00bb0.3&Prime; width=\u00a0\u00bb1\/2&Prime; tablet_width_inherit=\u00a0\u00bbdefault\u00a0\u00bb column_border_width=\u00a0\u00bbnone\u00a0\u00bb column_border_style=\u00a0\u00bbsolid\u00a0\u00bb bg_image_animation=\u00a0\u00bbnone\u00a0\u00bb enable_animation=\u00a0\u00bbtrue\u00a0\u00bb animation=\u00a0\u00bbflip-in-vertical\u00a0\u00bb delay=\u00a0\u00bb100&Prime;][nectar_icon icon_family=\u00a0\u00bbiconsmind\u00a0\u00bb icon_style=\u00a0\u00bbdefault\u00a0\u00bb icon_color_type=\u00a0\u00bbcolor_scheme\u00a0\u00bb icon_color=\u00a0\u00bbblack\u00a0\u00bb icon_padding=\u00a0\u00bb0px\u00a0\u00bb icon_size=\u00a0\u00bb40&Prime; icon_iconsmind=\u00a0\u00bbiconsmind-Home2&Prime;][vc_custom_heading text=\u00a0\u00bb\u00c0 Torgnon, vous vous sentirez toujours chez vous.\u00a0\u00bb font_container=\u00a0\u00bbtag:h4|font_size:38|text_align:left|color:%233f3f3f|line_height:46px\u00a0\u00bb use_theme_fonts=\u00a0\u00bbyes\u00a0\u00bb css=\u00a0\u00bb.vc_custom_1615632830739{margin-top: -10px !important;}\u00a0\u00bb][\/vc_column_inner][\/vc_row_inner][vc_row_inner equal_height=\u00a0\u00bbyes\u00a0\u00bb content_placement=\u00a0\u00bbmiddle\u00a0\u00bb column_margin=\u00a0\u00bbdefault\u00a0\u00bb column_direction=\u00a0\u00bbdefault\u00a0\u00bb column_direction_tablet=\u00a0\u00bbdefault\u00a0\u00bb column_direction_phone=\u00a0\u00bbdefault\u00a0\u00bb text_align=\u00a0\u00bbleft\u00a0\u00bb][vc_column_inner column_padding=\u00a0\u00bbpadding-7-percent\u00a0\u00bb column_padding_tablet=\u00a0\u00bbinherit\u00a0\u00bb column_padding_phone=\u00a0\u00bbinherit\u00a0\u00bb column_padding_position=\u00a0\u00bball\u00a0\u00bb background_color=\u00a0\u00bb#eb7837&Prime; background_color_opacity=\u00a0\u00bb1&Prime; background_hover_color_opacity=\u00a0\u00bb1&Prime; column_shadow=\u00a0\u00bbnone\u00a0\u00bb column_border_radius=\u00a0\u00bbnone\u00a0\u00bb column_link_target=\u00a0\u00bb_self\u00a0\u00bb gradient_direction=\u00a0\u00bbleft_to_right\u00a0\u00bb overlay_strength=\u00a0\u00bb0.3&Prime; width=\u00a0\u00bb1\/2&Prime; tablet_width_inherit=\u00a0\u00bbdefault\u00a0\u00bb column_border_width=\u00a0\u00bbnone\u00a0\u00bb column_border_style=\u00a0\u00bbsolid\u00a0\u00bb bg_image_animation=\u00a0\u00bbnone\u00a0\u00bb enable_animation=\u00a0\u00bbtrue\u00a0\u00bb animation=\u00a0\u00bbflip-in-vertical\u00a0\u00bb][nectar_icon icon_family=\u00a0\u00bbiconsmind\u00a0\u00bb icon_style=\u00a0\u00bbdefault\u00a0\u00bb icon_color_type=\u00a0\u00bbcolor_scheme\u00a0\u00bb icon_color=\u00a0\u00bbwhite\u00a0\u00bb icon_padding=\u00a0\u00bb0px\u00a0\u00bb icon_iconsmind=\u00a0\u00bbiconsmind-Sun\u00a0\u00bb icon_size=\u00a0\u00bb40&Prime;][vc_custom_heading text=\u00a0\u00bbTorgnon, le pays du soleil\u00a0\u00bb font_container=\u00a0\u00bbtag:h4|font_size:38|text_align:left|color:%23ffffff|line_height:46px\u00a0\u00bb use_theme_fonts=\u00a0\u00bbyes\u00a0\u00bb css=\u00a0\u00bb.vc_custom_1598250950049{margin-top: -15px !important;}\u00a0\u00bb][divider line_type=\u00a0\u00bbNo Line\u00a0\u00bb custom_height=\u00a0\u00bb100&Prime;][\/vc_column_inner][vc_column_inner column_padding=\u00a0\u00bbpadding-7-percent\u00a0\u00bb column_padding_tablet=\u00a0\u00bbinherit\u00a0\u00bb column_padding_phone=\u00a0\u00bbinherit\u00a0\u00bb column_padding_position=\u00a0\u00bball\u00a0\u00bb background_color=\u00a0\u00bb#121212&Prime; background_color_opacity=\u00a0\u00bb0.7&Prime; background_hover_color_opacity=\u00a0\u00bb1&Prime; background_image=\u00a0\u00bb58951&Prime; background_image_position=\u00a0\u00bbcenter center\u00a0\u00bb enable_bg_scale=\u00a0\u00bbtrue\u00a0\u00bb column_shadow=\u00a0\u00bbnone\u00a0\u00bb column_border_radius=\u00a0\u00bbnone\u00a0\u00bb column_link_target=\u00a0\u00bb_self\u00a0\u00bb gradient_direction=\u00a0\u00bbleft_to_right\u00a0\u00bb overlay_strength=\u00a0\u00bb0.3&Prime; width=\u00a0\u00bb1\/2&Prime; tablet_width_inherit=\u00a0\u00bbdefault\u00a0\u00bb column_border_width=\u00a0\u00bbnone\u00a0\u00bb column_border_style=\u00a0\u00bbsolid\u00a0\u00bb bg_image_animation=\u00a0\u00bbnone\u00a0\u00bb enable_animation=\u00a0\u00bbtrue\u00a0\u00bb animation=\u00a0\u00bbflip-in-vertical\u00a0\u00bb delay=\u00a0\u00bb100&Prime;][divider line_type=\u00a0\u00bbNo Line\u00a0\u00bb custom_height=\u00a0\u00bb150&Prime;][\/vc_column_inner][\/vc_row_inner][\/vc_column][vc_column column_padding=\u00a0\u00bbpadding-9-percent\u00a0\u00bb column_padding_tablet=\u00a0\u00bbinherit\u00a0\u00bb column_padding_phone=\u00a0\u00bbinherit\u00a0\u00bb column_padding_position=\u00a0\u00bball\u00a0\u00bb background_color=\u00a0\u00bb#333333&Prime; background_color_opacity=\u00a0\u00bb0.5&Prime; background_hover_color_opacity=\u00a0\u00bb1&Prime; background_image=\u00a0\u00bb58373&Prime; background_image_position=\u00a0\u00bbcenter center\u00a0\u00bb column_shadow=\u00a0\u00bbnone\u00a0\u00bb column_border_radius=\u00a0\u00bbnone\u00a0\u00bb column_link_target=\u00a0\u00bb_self\u00a0\u00bb gradient_direction=\u00a0\u00bbleft_to_right\u00a0\u00bb overlay_strength=\u00a0\u00bb0.3&Prime; width=\u00a0\u00bb1\/2&Prime; tablet_width_inherit=\u00a0\u00bbdefault\u00a0\u00bb tablet_text_alignment=\u00a0\u00bbdefault\u00a0\u00bb phone_text_alignment=\u00a0\u00bbdefault\u00a0\u00bb column_border_width=\u00a0\u00bbnone\u00a0\u00bb column_border_style=\u00a0\u00bbsolid\u00a0\u00bb bg_image_animation=\u00a0\u00bbnone\u00a0\u00bb enable_animation=\u00a0\u00bbtrue\u00a0\u00bb animation=\u00a0\u00bbflip-in-vertical\u00a0\u00bb delay=\u00a0\u00bb200&Prime;][\/vc_column][\/vc_row]\n","protected":false},"excerpt":{"rendered":"<p>Accueillante par nature, Torgnon est la destination touristique id\u00e9ale pour ceux qui en montagne recherchent \u00e9motion, d\u00e9tente, sport, bien-\u00eatre, d\u00e9passement de soi et splendides panoramas.<\/p>\n","protected":false},"author":1,"featured_media":0,"parent":0,"menu_order":0,"comment_status":"closed","ping_status":"closed","template":"","meta":{"footnotes":""},"class_list":["post-65010","page","type-page","status-publish"],"yoast_head":"<!-- This site is optimized with the Yoast SEO plugin v25.2 - https:\/\/yoast.com\/wordpress\/plugins\/seo\/ -->\n<title>Bienvenue chez vous - Torgnon, Vall\u00e9e du Cervin<\/title>\n<meta name=\"description\" content=\"Accueillante par nature, Torgnon est la destination touristique id\u00e9ale pour ceux qui, en montagne, recherchent \u00e9motions, d\u00e9tente, sport, bien-\u00eatre, d\u00e9passement de soi et de splendides panoramas.\" \/>\n<meta name=\"robots\" content=\"index, follow, max-snippet:-1, max-image-preview:large, max-video-preview:-1\" \/>\n<link rel=\"canonical\" href=\"https:\/\/www.torgnon.org\/fr\/bienvenue-chez-vous\/\" \/>\n<meta property=\"og:locale\" content=\"fr_FR\" \/>\n<meta property=\"og:type\" content=\"article\" \/>\n<meta property=\"og:title\" content=\"Bienvenue chez vous - Torgnon\" \/>\n<meta property=\"og:description\" content=\"Accueillante par nature, Torgnon est la destination touristique id\u00e9ale pour ceux qui, en montagne, recherchent \u00e9motions, d\u00e9tente, sport, bien-\u00eatre, d\u00e9passement de soi et de splendides panoramas.\" \/>\n<meta property=\"og:url\" content=\"https:\/\/www.torgnon.org\/fr\/bienvenue-chez-vous\/\" \/>\n<meta property=\"og:site_name\" content=\"Torgnon\" \/>\n<meta property=\"article:modified_time\" content=\"2021-03-13T10:54:28+00:00\" \/>\n<meta name=\"twitter:card\" content=\"summary_large_image\" \/>\n<meta name=\"twitter:title\" content=\"Torgnon - Bienvenue chez vous\" \/>\n<meta name=\"twitter:description\" content=\"Accueillante par nature, Torgnon est la destination touristique id\u00e9ale pour ceux qui, en montagne, recherchent \u00e9motions, d\u00e9tente, sport, bien-\u00eatre, d\u00e9passement de soi et de splendides panoramas.\" \/>\n<meta name=\"twitter:label1\" content=\"Dur\u00e9e de lecture estim\u00e9e\" \/>\n\t<meta name=\"twitter:data1\" content=\"6 minutes\" \/>\n<script type=\"application\/ld+json\" class=\"yoast-schema-graph\">{\"@context\":\"https:\/\/schema.org\",\"@graph\":[{\"@type\":\"WebPage\",\"@id\":\"https:\/\/www.torgnon.org\/fr\/bienvenue-chez-vous\/\",\"url\":\"https:\/\/www.torgnon.org\/fr\/bienvenue-chez-vous\/\",\"name\":\"Bienvenue chez vous - Torgnon, Vall\u00e9e du Cervin\",\"isPartOf\":{\"@id\":\"https:\/\/www.torgnon.org\/#website\"},\"datePublished\":\"2021-02-26T14:56:36+00:00\",\"dateModified\":\"2021-03-13T10:54:28+00:00\",\"description\":\"Accueillante par nature, Torgnon est la destination touristique id\u00e9ale pour ceux qui, en montagne, recherchent \u00e9motions, d\u00e9tente, sport, bien-\u00eatre, d\u00e9passement de soi et de splendides panoramas.\",\"inLanguage\":\"fr-FR\",\"potentialAction\":[{\"@type\":\"ReadAction\",\"target\":[\"https:\/\/www.torgnon.org\/fr\/bienvenue-chez-vous\/\"]}]},{\"@type\":\"WebSite\",\"@id\":\"https:\/\/www.torgnon.org\/#website\",\"url\":\"https:\/\/www.torgnon.org\/\",\"name\":\"Torgnon\",\"description\":\"Torgnon Pure Emotion\",\"potentialAction\":[{\"@type\":\"SearchAction\",\"target\":{\"@type\":\"EntryPoint\",\"urlTemplate\":\"https:\/\/www.torgnon.org\/?s={search_term_string}\"},\"query-input\":{\"@type\":\"PropertyValueSpecification\",\"valueRequired\":true,\"valueName\":\"search_term_string\"}}],\"inLanguage\":\"fr-FR\"}]}<\/script>\n<!-- \/ Yoast SEO plugin. -->","yoast_head_json":{"title":"Bienvenue chez vous - Torgnon, Vall\u00e9e du Cervin","description":"Accueillante par nature, Torgnon est la destination touristique id\u00e9ale pour ceux qui, en montagne, recherchent \u00e9motions, d\u00e9tente, sport, bien-\u00eatre, d\u00e9passement de soi et de splendides panoramas.","robots":{"index":"index","follow":"follow","max-snippet":"max-snippet:-1","max-image-preview":"max-image-preview:large","max-video-preview":"max-video-preview:-1"},"canonical":"https:\/\/www.torgnon.org\/fr\/bienvenue-chez-vous\/","og_locale":"fr_FR","og_type":"article","og_title":"Bienvenue chez vous - Torgnon","og_description":"Accueillante par nature, Torgnon est la destination touristique id\u00e9ale pour ceux qui, en montagne, recherchent \u00e9motions, d\u00e9tente, sport, bien-\u00eatre, d\u00e9passement de soi et de splendides panoramas.","og_url":"https:\/\/www.torgnon.org\/fr\/bienvenue-chez-vous\/","og_site_name":"Torgnon","article_modified_time":"2021-03-13T10:54:28+00:00","twitter_card":"summary_large_image","twitter_title":"Torgnon - Bienvenue chez vous","twitter_description":"Accueillante par nature, Torgnon est la destination touristique id\u00e9ale pour ceux qui, en montagne, recherchent \u00e9motions, d\u00e9tente, sport, bien-\u00eatre, d\u00e9passement de soi et de splendides panoramas.","twitter_misc":{"Dur\u00e9e de lecture estim\u00e9e":"6 minutes"},"schema":{"@context":"https:\/\/schema.org","@graph":[{"@type":"WebPage","@id":"https:\/\/www.torgnon.org\/fr\/bienvenue-chez-vous\/","url":"https:\/\/www.torgnon.org\/fr\/bienvenue-chez-vous\/","name":"Bienvenue chez vous - Torgnon, Vall\u00e9e du Cervin","isPartOf":{"@id":"https:\/\/www.torgnon.org\/#website"},"datePublished":"2021-02-26T14:56:36+00:00","dateModified":"2021-03-13T10:54:28+00:00","description":"Accueillante par nature, Torgnon est la destination touristique id\u00e9ale pour ceux qui, en montagne, recherchent \u00e9motions, d\u00e9tente, sport, bien-\u00eatre, d\u00e9passement de soi et de splendides panoramas.","inLanguage":"fr-FR","potentialAction":[{"@type":"ReadAction","target":["https:\/\/www.torgnon.org\/fr\/bienvenue-chez-vous\/"]}]},{"@type":"WebSite","@id":"https:\/\/www.torgnon.org\/#website","url":"https:\/\/www.torgnon.org\/","name":"Torgnon","description":"Torgnon Pure Emotion","potentialAction":[{"@type":"SearchAction","target":{"@type":"EntryPoint","urlTemplate":"https:\/\/www.torgnon.org\/?s={search_term_string}"},"query-input":{"@type":"PropertyValueSpecification","valueRequired":true,"valueName":"search_term_string"}}],"inLanguage":"fr-FR"}]}},"_links":{"self":[{"href":"https:\/\/www.torgnon.org\/fr\/wp-json\/wp\/v2\/pages\/65010"}],"collection":[{"href":"https:\/\/www.torgnon.org\/fr\/wp-json\/wp\/v2\/pages"}],"about":[{"href":"https:\/\/www.torgnon.org\/fr\/wp-json\/wp\/v2\/types\/page"}],"author":[{"embeddable":true,"href":"https:\/\/www.torgnon.org\/fr\/wp-json\/wp\/v2\/users\/1"}],"replies":[{"embeddable":true,"href":"https:\/\/www.torgnon.org\/fr\/wp-json\/wp\/v2\/comments?post=65010"}],"version-history":[{"count":6,"href":"https:\/\/www.torgnon.org\/fr\/wp-json\/wp\/v2\/pages\/65010\/revisions"}],"predecessor-version":[{"id":66795,"href":"https:\/\/www.torgnon.org\/fr\/wp-json\/wp\/v2\/pages\/65010\/revisions\/66795"}],"wp:attachment":[{"href":"https:\/\/www.torgnon.org\/fr\/wp-json\/wp\/v2\/media?parent=65010"}],"curies":[{"name":"wp","href":"https:\/\/api.w.org\/{rel}","templated":true}]}}