{"id":65042,"date":"2021-02-26T16:31:49","date_gmt":"2021-02-26T15:31:49","guid":{"rendered":"https:\/\/www.torgnon.org\/nos-chiffres-gagnants\/"},"modified":"2021-03-25T11:56:58","modified_gmt":"2021-03-25T10:56:58","slug":"nos-chiffres-gagnants","status":"publish","type":"page","link":"https:\/\/www.torgnon.org\/fr\/nos-chiffres-gagnants\/","title":{"rendered":"Nos chiffres gagnants"},"content":{"rendered":"[vc_row type=\u00a0\u00bbfull_width_background\u00a0\u00bb full_screen_row_position=\u00a0\u00bbmiddle\u00a0\u00bb column_margin=\u00a0\u00bbdefault\u00a0\u00bb equal_height=\u00a0\u00bbyes\u00a0\u00bb content_placement=\u00a0\u00bbmiddle\u00a0\u00bb column_direction=\u00a0\u00bbdefault\u00a0\u00bb column_direction_tablet=\u00a0\u00bbdefault\u00a0\u00bb column_direction_phone=\u00a0\u00bbdefault\u00a0\u00bb bg_color=\u00a0\u00bb#1e1e1e\u00a0\u00bb bg_image=\u00a0\u00bb61321&Prime; bg_position=\u00a0\u00bbcenter center\u00a0\u00bb bg_repeat=\u00a0\u00bbno-repeat\u00a0\u00bb scene_position=\u00a0\u00bbcenter\u00a0\u00bb top_padding=\u00a0\u00bb0&Prime; bottom_padding=\u00a0\u00bb0&Prime; text_color=\u00a0\u00bblight\u00a0\u00bb text_align=\u00a0\u00bbleft\u00a0\u00bb row_border_radius=\u00a0\u00bbnone\u00a0\u00bb row_border_radius_applies=\u00a0\u00bbbg\u00a0\u00bb color_overlay=\u00a0\u00bb#0a0a0a\u00a0\u00bb overlay_strength=\u00a0\u00bb0.5&Prime; gradient_direction=\u00a0\u00bbleft_to_right\u00a0\u00bb shape_divider_position=\u00a0\u00bbbottom\u00a0\u00bb bg_image_animation=\u00a0\u00bbnone\u00a0\u00bb shape_type=\u00a0\u00bb\u00a0\u00bb][vc_column column_padding=\u00a0\u00bbpadding-5-percent\u00a0\u00bb column_padding_tablet=\u00a0\u00bbinherit\u00a0\u00bb column_padding_phone=\u00a0\u00bbinherit\u00a0\u00bb column_padding_position=\u00a0\u00bball\u00a0\u00bb background_color_opacity=\u00a0\u00bb1&Prime; background_hover_color_opacity=\u00a0\u00bb1&Prime; column_shadow=\u00a0\u00bbnone\u00a0\u00bb column_border_radius=\u00a0\u00bbnone\u00a0\u00bb column_link_target=\u00a0\u00bb_self\u00a0\u00bb gradient_direction=\u00a0\u00bbleft_to_right\u00a0\u00bb overlay_strength=\u00a0\u00bb0.3&Prime; width=\u00a0\u00bb1\/1&Prime; tablet_width_inherit=\u00a0\u00bbdefault\u00a0\u00bb tablet_text_alignment=\u00a0\u00bbdefault\u00a0\u00bb phone_text_alignment=\u00a0\u00bbdefault\u00a0\u00bb column_border_width=\u00a0\u00bbnone\u00a0\u00bb column_border_style=\u00a0\u00bbsolid\u00a0\u00bb bg_image_animation=\u00a0\u00bbnone\u00a0\u00bb][vc_row_inner column_margin=\u00a0\u00bbdefault\u00a0\u00bb column_direction=\u00a0\u00bbdefault\u00a0\u00bb column_direction_tablet=\u00a0\u00bbdefault\u00a0\u00bb column_direction_phone=\u00a0\u00bbdefault\u00a0\u00bb text_align=\u00a0\u00bbleft\u00a0\u00bb][vc_column_inner column_padding=\u00a0\u00bbno-extra-padding\u00a0\u00bb column_padding_tablet=\u00a0\u00bbinherit\u00a0\u00bb column_padding_phone=\u00a0\u00bbinherit\u00a0\u00bb column_padding_position=\u00a0\u00bball\u00a0\u00bb background_color_opacity=\u00a0\u00bb1&Prime; background_hover_color_opacity=\u00a0\u00bb1&Prime; column_shadow=\u00a0\u00bbnone\u00a0\u00bb column_border_radius=\u00a0\u00bbnone\u00a0\u00bb column_link_target=\u00a0\u00bb_self\u00a0\u00bb gradient_direction=\u00a0\u00bbleft_to_right\u00a0\u00bb overlay_strength=\u00a0\u00bb0.3&Prime; width=\u00a0\u00bb1\/4&Prime; tablet_width_inherit=\u00a0\u00bbdefault\u00a0\u00bb column_border_width=\u00a0\u00bbnone\u00a0\u00bb column_border_style=\u00a0\u00bbsolid\u00a0\u00bb bg_image_animation=\u00a0\u00bbnone\u00a0\u00bb][\/vc_column_inner][vc_column_inner column_padding=\u00a0\u00bbno-extra-padding\u00a0\u00bb column_padding_tablet=\u00a0\u00bbinherit\u00a0\u00bb column_padding_phone=\u00a0\u00bbinherit\u00a0\u00bb column_padding_position=\u00a0\u00bball\u00a0\u00bb background_color_opacity=\u00a0\u00bb1&Prime; background_hover_color_opacity=\u00a0\u00bb1&Prime; column_shadow=\u00a0\u00bbnone\u00a0\u00bb column_border_radius=\u00a0\u00bbnone\u00a0\u00bb column_link_target=\u00a0\u00bb_self\u00a0\u00bb gradient_direction=\u00a0\u00bbleft_to_right\u00a0\u00bb overlay_strength=\u00a0\u00bb0.3&Prime; width=\u00a0\u00bb1\/2&Prime; tablet_width_inherit=\u00a0\u00bbdefault\u00a0\u00bb column_border_width=\u00a0\u00bbnone\u00a0\u00bb column_border_style=\u00a0\u00bbsolid\u00a0\u00bb bg_image_animation=\u00a0\u00bbnone\u00a0\u00bb][nectar_animated_title heading_tag=\u00a0\u00bbh5&Prime; style=\u00a0\u00bbhinge-drop\u00a0\u00bb color=\u00a0\u00bbAccent-Color\u00a0\u00bb text=\u00a0\u00bbNos chiffres gagnants\u00a0\u00bb][split_line_heading animation_type=\u00a0\u00bbdefault\u00a0\u00bb]\n<h2 class=\"widget-title\">NOTRE TERRITOIRE POSS\u00c8DE TOUS LES ATOUTS POUR VOUS OFFRIR DES VACANCES DE R\u00caVE .<\/h2>\n<p>&nbsp;[\/split_line_heading][vc_column_text]\n<h3 class=\"widget-sub-title\">Venez les d\u00e9couvrir avec nous.<\/h3>\n<p>&nbsp;[\/vc_column_text][\/vc_column_inner][vc_column_inner column_padding=\u00a0\u00bbno-extra-padding\u00a0\u00bb column_padding_tablet=\u00a0\u00bbinherit\u00a0\u00bb column_padding_phone=\u00a0\u00bbinherit\u00a0\u00bb column_padding_position=\u00a0\u00bball\u00a0\u00bb background_color_opacity=\u00a0\u00bb1&Prime; background_hover_color_opacity=\u00a0\u00bb1&Prime; column_shadow=\u00a0\u00bbnone\u00a0\u00bb column_border_radius=\u00a0\u00bbnone\u00a0\u00bb column_link_target=\u00a0\u00bb_self\u00a0\u00bb gradient_direction=\u00a0\u00bbleft_to_right\u00a0\u00bb overlay_strength=\u00a0\u00bb0.3&Prime; width=\u00a0\u00bb1\/4&Prime; tablet_width_inherit=\u00a0\u00bbdefault\u00a0\u00bb column_border_width=\u00a0\u00bbnone\u00a0\u00bb column_border_style=\u00a0\u00bbsolid\u00a0\u00bb bg_image_animation=\u00a0\u00bbnone\u00a0\u00bb][\/vc_column_inner][\/vc_row_inner][vc_row_inner equal_height=\u00a0\u00bbyes\u00a0\u00bb column_margin=\u00a0\u00bbdefault\u00a0\u00bb column_direction=\u00a0\u00bbdefault\u00a0\u00bb column_direction_tablet=\u00a0\u00bbdefault\u00a0\u00bb column_direction_phone=\u00a0\u00bbdefault\u00a0\u00bb top_padding=\u00a0\u00bb0&Prime; text_align=\u00a0\u00bbleft\u00a0\u00bb][vc_column_inner column_padding=\u00a0\u00bbpadding-4-percent\u00a0\u00bb column_padding_tablet=\u00a0\u00bbinherit\u00a0\u00bb column_padding_phone=\u00a0\u00bbinherit\u00a0\u00bb column_padding_position=\u00a0\u00bbtop-bottom\u00a0\u00bb centered_text=\u00a0\u00bbtrue\u00a0\u00bb background_color_opacity=\u00a0\u00bb1&Prime; background_hover_color_opacity=\u00a0\u00bb1&Prime; column_shadow=\u00a0\u00bbnone\u00a0\u00bb column_border_radius=\u00a0\u00bbnone\u00a0\u00bb column_link_target=\u00a0\u00bb_self\u00a0\u00bb gradient_direction=\u00a0\u00bbleft_to_right\u00a0\u00bb overlay_strength=\u00a0\u00bb0.3&Prime; width=\u00a0\u00bb1\/3&Prime; tablet_width_inherit=\u00a0\u00bbdefault\u00a0\u00bb column_border_width=\u00a0\u00bbnone\u00a0\u00bb column_border_style=\u00a0\u00bbsolid\u00a0\u00bb bg_image_animation=\u00a0\u00bbnone\u00a0\u00bb][vc_column_text]<i class=\"wp-svg-custom-mountain mountain\"><\/i>[\/vc_column_text][milestone heading_inherit=\u00a0\u00bbh2&Prime; subject_padding=\u00a0\u00bb2%\u00a0\u00bb color=\u00a0\u00bbDefault\u00a0\u00bb effect=\u00a0\u00bbcount\u00a0\u00bb milestone_alignment=\u00a0\u00bbdefault\u00a0\u00bb number=\u00a0\u00bb3320&Prime; subject=\u00a0\u00bb800 \u2013 3 320 : la fourchette d\u2019altitudes du territoire de Torgnon\u00a0\u00bb number_font_size=\u00a0\u00bb92&Prime;][\/vc_column_inner][vc_column_inner column_padding=\u00a0\u00bbpadding-4-percent\u00a0\u00bb column_padding_tablet=\u00a0\u00bbinherit\u00a0\u00bb column_padding_phone=\u00a0\u00bbinherit\u00a0\u00bb column_padding_position=\u00a0\u00bbtop-bottom\u00a0\u00bb centered_text=\u00a0\u00bbtrue\u00a0\u00bb background_color_opacity=\u00a0\u00bb1&Prime; background_hover_color_opacity=\u00a0\u00bb1&Prime; column_shadow=\u00a0\u00bbnone\u00a0\u00bb column_border_radius=\u00a0\u00bbnone\u00a0\u00bb column_link_target=\u00a0\u00bb_self\u00a0\u00bb gradient_direction=\u00a0\u00bbleft_to_right\u00a0\u00bb overlay_strength=\u00a0\u00bb0.3&Prime; width=\u00a0\u00bb1\/3&Prime; tablet_width_inherit=\u00a0\u00bbdefault\u00a0\u00bb column_border_width=\u00a0\u00bbnone\u00a0\u00bb column_border_style=\u00a0\u00bbsolid\u00a0\u00bb bg_image_animation=\u00a0\u00bbnone\u00a0\u00bb][vc_column_text]<i class=\"wp-svg-custom-ramp ramp\"><\/i>[\/vc_column_text][milestone heading_inherit=\u00a0\u00bbh2&Prime; symbol_position=\u00a0\u00bbafter\u00a0\u00bb subject_padding=\u00a0\u00bb2%\u00a0\u00bb color=\u00a0\u00bbDefault\u00a0\u00bb effect=\u00a0\u00bbcount\u00a0\u00bb symbol_alignment=\u00a0\u00bbDefault\u00a0\u00bb milestone_alignment=\u00a0\u00bbdefault\u00a0\u00bb number=\u00a0\u00bb25&Prime; subject=\u00a0\u00bbkilom\u00e8tres de pistes de ski alpin\u00a0\u00bb number_font_size=\u00a0\u00bb92&Prime; symbol=\u00a0\u00bbkm\u00a0\u00bb symbol_font_size=\u00a0\u00bb92&Prime;][\/vc_column_inner][vc_column_inner column_padding=\u00a0\u00bbpadding-4-percent\u00a0\u00bb column_padding_tablet=\u00a0\u00bbinherit\u00a0\u00bb column_padding_phone=\u00a0\u00bbinherit\u00a0\u00bb column_padding_position=\u00a0\u00bbtop-bottom\u00a0\u00bb centered_text=\u00a0\u00bbtrue\u00a0\u00bb background_color_opacity=\u00a0\u00bb1&Prime; background_hover_color_opacity=\u00a0\u00bb1&Prime; column_shadow=\u00a0\u00bbnone\u00a0\u00bb column_border_radius=\u00a0\u00bbnone\u00a0\u00bb column_link_target=\u00a0\u00bb_self\u00a0\u00bb gradient_direction=\u00a0\u00bbleft_to_right\u00a0\u00bb overlay_strength=\u00a0\u00bb0.3&Prime; width=\u00a0\u00bb1\/3&Prime; tablet_width_inherit=\u00a0\u00bbdefault\u00a0\u00bb column_border_width=\u00a0\u00bbnone\u00a0\u00bb column_border_style=\u00a0\u00bbsolid\u00a0\u00bb bg_image_animation=\u00a0\u00bbnone\u00a0\u00bb][vc_column_text]<i class=\"wp-svg-custom-cable-car cable-car\"><\/i>[\/vc_column_text][milestone heading_inherit=\u00a0\u00bbh2&Prime; subject_padding=\u00a0\u00bb2%\u00a0\u00bb color=\u00a0\u00bbDefault\u00a0\u00bb effect=\u00a0\u00bbcount\u00a0\u00bb milestone_alignment=\u00a0\u00bbdefault\u00a0\u00bb number=\u00a0\u00bb1&Prime; subject=\u00a0\u00bbt\u00e9l\u00e9cabine\u00a0\u00bb number_font_size=\u00a0\u00bb92&Prime;][\/vc_column_inner][\/vc_row_inner][vc_row_inner equal_height=\u00a0\u00bbyes\u00a0\u00bb column_margin=\u00a0\u00bbdefault\u00a0\u00bb column_direction=\u00a0\u00bbdefault\u00a0\u00bb column_direction_tablet=\u00a0\u00bbdefault\u00a0\u00bb column_direction_phone=\u00a0\u00bbdefault\u00a0\u00bb top_padding=\u00a0\u00bb0&Prime; text_align=\u00a0\u00bbleft\u00a0\u00bb][vc_column_inner column_padding=\u00a0\u00bbpadding-4-percent\u00a0\u00bb column_padding_tablet=\u00a0\u00bbinherit\u00a0\u00bb column_padding_phone=\u00a0\u00bbinherit\u00a0\u00bb column_padding_position=\u00a0\u00bbtop-bottom\u00a0\u00bb centered_text=\u00a0\u00bbtrue\u00a0\u00bb background_color_opacity=\u00a0\u00bb1&Prime; background_hover_color_opacity=\u00a0\u00bb1&Prime; column_shadow=\u00a0\u00bbnone\u00a0\u00bb column_border_radius=\u00a0\u00bbnone\u00a0\u00bb column_link_target=\u00a0\u00bb_self\u00a0\u00bb gradient_direction=\u00a0\u00bbleft_to_right\u00a0\u00bb overlay_strength=\u00a0\u00bb0.3&Prime; width=\u00a0\u00bb1\/3&Prime; tablet_width_inherit=\u00a0\u00bbdefault\u00a0\u00bb column_border_width=\u00a0\u00bbnone\u00a0\u00bb column_border_style=\u00a0\u00bbsolid\u00a0\u00bb bg_image_animation=\u00a0\u00bbnone\u00a0\u00bb][vc_column_text]<i class=\"wp-svg-custom-ski-lift ski-lift\"><\/i>[\/vc_column_text][milestone heading_inherit=\u00a0\u00bbh2&Prime; subject_padding=\u00a0\u00bb2%\u00a0\u00bb color=\u00a0\u00bbDefault\u00a0\u00bb effect=\u00a0\u00bbcount\u00a0\u00bb milestone_alignment=\u00a0\u00bbdefault\u00a0\u00bb number=\u00a0\u00bb3&Prime; subject=\u00a0\u00bbt\u00e9l\u00e9si\u00e8ges\u00a0\u00bb number_font_size=\u00a0\u00bb92&Prime;][\/vc_column_inner][vc_column_inner column_padding=\u00a0\u00bbpadding-4-percent\u00a0\u00bb column_padding_tablet=\u00a0\u00bbinherit\u00a0\u00bb column_padding_phone=\u00a0\u00bbinherit\u00a0\u00bb column_padding_position=\u00a0\u00bbtop-bottom\u00a0\u00bb centered_text=\u00a0\u00bbtrue\u00a0\u00bb background_color_opacity=\u00a0\u00bb1&Prime; background_hover_color_opacity=\u00a0\u00bb1&Prime; column_shadow=\u00a0\u00bbnone\u00a0\u00bb column_border_radius=\u00a0\u00bbnone\u00a0\u00bb column_link_target=\u00a0\u00bb_self\u00a0\u00bb gradient_direction=\u00a0\u00bbleft_to_right\u00a0\u00bb overlay_strength=\u00a0\u00bb0.3&Prime; width=\u00a0\u00bb1\/3&Prime; tablet_width_inherit=\u00a0\u00bbdefault\u00a0\u00bb column_border_width=\u00a0\u00bbnone\u00a0\u00bb column_border_style=\u00a0\u00bbsolid\u00a0\u00bb bg_image_animation=\u00a0\u00bbnone\u00a0\u00bb][vc_column_text]<i class=\"wp-svg-custom-ramp ramp\"><\/i>[\/vc_column_text][milestone heading_inherit=\u00a0\u00bbh2&Prime; subject_padding=\u00a0\u00bb2%\u00a0\u00bb color=\u00a0\u00bbDefault\u00a0\u00bb effect=\u00a0\u00bbcount\u00a0\u00bb milestone_alignment=\u00a0\u00bbdefault\u00a0\u00bb number=\u00a0\u00bb3&Prime; subject=\u00a0\u00bbtapis roulants\u00a0\u00bb number_font_size=\u00a0\u00bb92&Prime;][\/vc_column_inner][vc_column_inner column_padding=\u00a0\u00bbpadding-4-percent\u00a0\u00bb column_padding_tablet=\u00a0\u00bbinherit\u00a0\u00bb column_padding_phone=\u00a0\u00bbinherit\u00a0\u00bb column_padding_position=\u00a0\u00bbtop-bottom\u00a0\u00bb centered_text=\u00a0\u00bbtrue\u00a0\u00bb background_color_opacity=\u00a0\u00bb1&Prime; background_hover_color_opacity=\u00a0\u00bb1&Prime; column_shadow=\u00a0\u00bbnone\u00a0\u00bb column_border_radius=\u00a0\u00bbnone\u00a0\u00bb column_link_target=\u00a0\u00bb_self\u00a0\u00bb gradient_direction=\u00a0\u00bbleft_to_right\u00a0\u00bb overlay_strength=\u00a0\u00bb0.3&Prime; width=\u00a0\u00bb1\/3&Prime; tablet_width_inherit=\u00a0\u00bbdefault\u00a0\u00bb column_border_width=\u00a0\u00bbnone\u00a0\u00bb column_border_style=\u00a0\u00bbsolid\u00a0\u00bb bg_image_animation=\u00a0\u00bbnone\u00a0\u00bb][vc_column_text]<i class=\"wp-svg-custom-playground playground\"><\/i>[\/vc_column_text][milestone heading_inherit=\u00a0\u00bbh2&Prime; subject_padding=\u00a0\u00bb2%\u00a0\u00bb color=\u00a0\u00bbDefault\u00a0\u00bb effect=\u00a0\u00bbcount\u00a0\u00bb milestone_alignment=\u00a0\u00bbdefault\u00a0\u00bb number=\u00a0\u00bb1&Prime; subject=\u00a0\u00bbparc de jeux pour l&rsquo;hiver et l&rsquo;\u00e9t\u00e9 +4 aires de jeux traditionnelles\u00a0\u00bb number_font_size=\u00a0\u00bb92&Prime;][\/vc_column_inner][\/vc_row_inner][vc_row_inner equal_height=\u00a0\u00bbyes\u00a0\u00bb column_margin=\u00a0\u00bbdefault\u00a0\u00bb column_direction=\u00a0\u00bbdefault\u00a0\u00bb column_direction_tablet=\u00a0\u00bbdefault\u00a0\u00bb column_direction_phone=\u00a0\u00bbdefault\u00a0\u00bb top_padding=\u00a0\u00bb0&Prime; text_align=\u00a0\u00bbleft\u00a0\u00bb][vc_column_inner column_padding=\u00a0\u00bbpadding-4-percent\u00a0\u00bb column_padding_tablet=\u00a0\u00bbinherit\u00a0\u00bb column_padding_phone=\u00a0\u00bbinherit\u00a0\u00bb column_padding_position=\u00a0\u00bbtop-bottom\u00a0\u00bb centered_text=\u00a0\u00bbtrue\u00a0\u00bb background_color_opacity=\u00a0\u00bb1&Prime; background_hover_color_opacity=\u00a0\u00bb1&Prime; column_shadow=\u00a0\u00bbnone\u00a0\u00bb column_border_radius=\u00a0\u00bbnone\u00a0\u00bb column_link_target=\u00a0\u00bb_self\u00a0\u00bb gradient_direction=\u00a0\u00bbleft_to_right\u00a0\u00bb overlay_strength=\u00a0\u00bb0.3&Prime; width=\u00a0\u00bb1\/3&Prime; tablet_width_inherit=\u00a0\u00bbdefault\u00a0\u00bb column_border_width=\u00a0\u00bbnone\u00a0\u00bb column_border_style=\u00a0\u00bbsolid\u00a0\u00bb bg_image_animation=\u00a0\u00bbnone\u00a0\u00bb][vc_column_text]<i class=\"wp-svg-custom-ramp ramp\"><\/i>[\/vc_column_text][milestone heading_inherit=\u00a0\u00bbh2&Prime; symbol_position=\u00a0\u00bbafter\u00a0\u00bb subject_padding=\u00a0\u00bb2%\u00a0\u00bb color=\u00a0\u00bbDefault\u00a0\u00bb effect=\u00a0\u00bbcount\u00a0\u00bb symbol_alignment=\u00a0\u00bbDefault\u00a0\u00bb milestone_alignment=\u00a0\u00bbdefault\u00a0\u00bb number=\u00a0\u00bb30&Prime; subject=\u00a0\u00bbkilom\u00e8tres de pistes de ski de fond, parmi les plus longs trac\u00e9s de toute la Vall\u00e9e d&rsquo;Aoste\u00a0\u00bb number_font_size=\u00a0\u00bb92&Prime; symbol=\u00a0\u00bbkm\u00a0\u00bb][\/vc_column_inner][vc_column_inner column_padding=\u00a0\u00bbpadding-4-percent\u00a0\u00bb column_padding_tablet=\u00a0\u00bbinherit\u00a0\u00bb column_padding_phone=\u00a0\u00bbinherit\u00a0\u00bb column_padding_position=\u00a0\u00bbtop-bottom\u00a0\u00bb centered_text=\u00a0\u00bbtrue\u00a0\u00bb background_color_opacity=\u00a0\u00bb1&Prime; background_hover_color_opacity=\u00a0\u00bb1&Prime; column_shadow=\u00a0\u00bbnone\u00a0\u00bb column_border_radius=\u00a0\u00bbnone\u00a0\u00bb column_link_target=\u00a0\u00bb_self\u00a0\u00bb gradient_direction=\u00a0\u00bbleft_to_right\u00a0\u00bb overlay_strength=\u00a0\u00bb0.3&Prime; width=\u00a0\u00bb1\/3&Prime; tablet_width_inherit=\u00a0\u00bbdefault\u00a0\u00bb column_border_width=\u00a0\u00bbnone\u00a0\u00bb column_border_style=\u00a0\u00bbsolid\u00a0\u00bb bg_image_animation=\u00a0\u00bbnone\u00a0\u00bb][vc_column_text]<i class=\"wp-svg-custom-snowshoes snowshoes\"><\/i>[\/vc_column_text][milestone heading_inherit=\u00a0\u00bbh2&Prime; subject_padding=\u00a0\u00bb2%\u00a0\u00bb color=\u00a0\u00bbDefault\u00a0\u00bb effect=\u00a0\u00bbcount\u00a0\u00bb milestone_alignment=\u00a0\u00bbdefault\u00a0\u00bb number=\u00a0\u00bb10&Prime; subject=\u00a0\u00bbtrac\u00e9s r\u00e9serv\u00e9s aux raquettes \u00e0 neige\u00a0\u00bb number_font_size=\u00a0\u00bb92&Prime;][\/vc_column_inner][vc_column_inner column_padding=\u00a0\u00bbpadding-4-percent\u00a0\u00bb column_padding_tablet=\u00a0\u00bbinherit\u00a0\u00bb column_padding_phone=\u00a0\u00bbinherit\u00a0\u00bb column_padding_position=\u00a0\u00bbtop-bottom\u00a0\u00bb centered_text=\u00a0\u00bbtrue\u00a0\u00bb background_color_opacity=\u00a0\u00bb1&Prime; background_hover_color_opacity=\u00a0\u00bb1&Prime; column_shadow=\u00a0\u00bbnone\u00a0\u00bb column_border_radius=\u00a0\u00bbnone\u00a0\u00bb column_link_target=\u00a0\u00bb_self\u00a0\u00bb gradient_direction=\u00a0\u00bbleft_to_right\u00a0\u00bb overlay_strength=\u00a0\u00bb0.3&Prime; width=\u00a0\u00bb1\/3&Prime; tablet_width_inherit=\u00a0\u00bbdefault\u00a0\u00bb column_border_width=\u00a0\u00bbnone\u00a0\u00bb column_border_style=\u00a0\u00bbsolid\u00a0\u00bb bg_image_animation=\u00a0\u00bbnone\u00a0\u00bb][vc_column_text]<i class=\"wp-svg-custom-bag bag\"><\/i>[\/vc_column_text][milestone heading_inherit=\u00a0\u00bbh2&Prime; subject_padding=\u00a0\u00bb2%\u00a0\u00bb color=\u00a0\u00bbDefault\u00a0\u00bb effect=\u00a0\u00bbcount\u00a0\u00bb milestone_alignment=\u00a0\u00bbdefault\u00a0\u00bb number=\u00a0\u00bb20&Prime; subject=\u00a0\u00bbsentiers d&rsquo;excursion sillonnant les montagnes environnantes\u00a0\u00bb number_font_size=\u00a0\u00bb92&Prime;][\/vc_column_inner][\/vc_row_inner][\/vc_column][\/vc_row]\n","protected":false},"excerpt":{"rendered":"<p>[vc_row type=\u00a0\u00bbfull_width_background\u00a0\u00bb full_screen_row_position=\u00a0\u00bbmiddle\u00a0\u00bb column_margin=\u00a0\u00bbdefault\u00a0\u00bb equal_height=\u00a0\u00bbyes\u00a0\u00bb content_placement=\u00a0\u00bbmiddle\u00a0\u00bb column_direction=\u00a0\u00bbdefault\u00a0\u00bb column_direction_tablet=\u00a0\u00bbdefault\u00a0\u00bb column_direction_phone=\u00a0\u00bbdefault\u00a0\u00bb bg_color=\u00a0\u00bb#1e1e1e\u00a0\u00bb bg_image=\u00a0\u00bb61321&Prime; bg_position=\u00a0\u00bbcenter center\u00a0\u00bb bg_repeat=\u00a0\u00bbno-repeat\u00a0\u00bb scene_position=\u00a0\u00bbcenter\u00a0\u00bb top_padding=\u00a0\u00bb0&Prime; bottom_padding=\u00a0\u00bb0&Prime; text_color=\u00a0\u00bblight\u00a0\u00bb text_align=\u00a0\u00bbleft\u00a0\u00bb row_border_radius=\u00a0\u00bbnone\u00a0\u00bb row_border_radius_applies=\u00a0\u00bbbg\u00a0\u00bb color_overlay=\u00a0\u00bb#0a0a0a\u00a0\u00bb overlay_strength=\u00a0\u00bb0.5&Prime; gradient_direction=\u00a0\u00bbleft_to_right\u00a0\u00bb shape_divider_position=\u00a0\u00bbbottom\u00a0\u00bb bg_image_animation=\u00a0\u00bbnone\u00a0\u00bb shape_type=\u00a0\u00bb\u00a0\u00bb][vc_column column_padding=\u00a0\u00bbpadding-5-percent\u00a0\u00bb column_padding_tablet=\u00a0\u00bbinherit\u00a0\u00bb column_padding_phone=\u00a0\u00bbinherit\u00a0\u00bb&#8230;<\/p>\n","protected":false},"author":1,"featured_media":0,"parent":0,"menu_order":0,"comment_status":"closed","ping_status":"closed","template":"","meta":{"footnotes":""},"class_list":["post-65042","page","type-page","status-publish"],"yoast_head":"<!-- This site is optimized with the Yoast SEO plugin v25.2 - https:\/\/yoast.com\/wordpress\/plugins\/seo\/ -->\n<title>Nos chiffres gagnants - Torgnon<\/title>\n<meta name=\"description\" content=\"Toutes les donn\u00e9es relatives \u00e0 Torgnon: altitude, nombre de t\u00e9l\u00e9si\u00e8ges, km de pistes et bien plus encore.\" \/>\n<meta name=\"robots\" content=\"index, follow, max-snippet:-1, max-image-preview:large, max-video-preview:-1\" \/>\n<link rel=\"canonical\" href=\"https:\/\/www.torgnon.org\/fr\/nos-chiffres-gagnants\/\" \/>\n<meta property=\"og:locale\" content=\"fr_FR\" \/>\n<meta property=\"og:type\" content=\"article\" \/>\n<meta property=\"og:title\" content=\"Nos chiffres gagnants - Torgnon\" \/>\n<meta property=\"og:description\" content=\"Toutes les donn\u00e9es relatives \u00e0 Torgnon: altitude, nombre de t\u00e9l\u00e9si\u00e8ges, km de pistes et bien plus encore.\" \/>\n<meta property=\"og:url\" content=\"https:\/\/www.torgnon.org\/fr\/nos-chiffres-gagnants\/\" \/>\n<meta property=\"og:site_name\" content=\"Torgnon\" \/>\n<meta property=\"article:modified_time\" content=\"2021-03-25T10:56:58+00:00\" \/>\n<meta name=\"twitter:card\" content=\"summary_large_image\" \/>\n<meta name=\"twitter:title\" content=\"Nos chiffres gagnants\" \/>\n<meta name=\"twitter:description\" content=\"Toutes les donn\u00e9es relatives \u00e0 Torgnon: altitude, nombre de t\u00e9l\u00e9si\u00e8ges, km de pistes et bien plus encore.\" \/>\n<meta name=\"twitter:label1\" content=\"Dur\u00e9e de lecture estim\u00e9e\" \/>\n\t<meta name=\"twitter:data1\" content=\"7 minutes\" \/>\n<script type=\"application\/ld+json\" class=\"yoast-schema-graph\">{\"@context\":\"https:\/\/schema.org\",\"@graph\":[{\"@type\":\"WebPage\",\"@id\":\"https:\/\/www.torgnon.org\/fr\/nos-chiffres-gagnants\/\",\"url\":\"https:\/\/www.torgnon.org\/fr\/nos-chiffres-gagnants\/\",\"name\":\"Nos chiffres gagnants - Torgnon\",\"isPartOf\":{\"@id\":\"https:\/\/www.torgnon.org\/#website\"},\"datePublished\":\"2021-02-26T15:31:49+00:00\",\"dateModified\":\"2021-03-25T10:56:58+00:00\",\"description\":\"Toutes les donn\u00e9es relatives \u00e0 Torgnon: altitude, nombre de t\u00e9l\u00e9si\u00e8ges, km de pistes et bien plus encore.\",\"inLanguage\":\"fr-FR\",\"potentialAction\":[{\"@type\":\"ReadAction\",\"target\":[\"https:\/\/www.torgnon.org\/fr\/nos-chiffres-gagnants\/\"]}]},{\"@type\":\"WebSite\",\"@id\":\"https:\/\/www.torgnon.org\/#website\",\"url\":\"https:\/\/www.torgnon.org\/\",\"name\":\"Torgnon\",\"description\":\"Torgnon Pure Emotion\",\"potentialAction\":[{\"@type\":\"SearchAction\",\"target\":{\"@type\":\"EntryPoint\",\"urlTemplate\":\"https:\/\/www.torgnon.org\/?s={search_term_string}\"},\"query-input\":{\"@type\":\"PropertyValueSpecification\",\"valueRequired\":true,\"valueName\":\"search_term_string\"}}],\"inLanguage\":\"fr-FR\"}]}<\/script>\n<!-- \/ Yoast SEO plugin. -->","yoast_head_json":{"title":"Nos chiffres gagnants - Torgnon","description":"Toutes les donn\u00e9es relatives \u00e0 Torgnon: altitude, nombre de t\u00e9l\u00e9si\u00e8ges, km de pistes et bien plus encore.","robots":{"index":"index","follow":"follow","max-snippet":"max-snippet:-1","max-image-preview":"max-image-preview:large","max-video-preview":"max-video-preview:-1"},"canonical":"https:\/\/www.torgnon.org\/fr\/nos-chiffres-gagnants\/","og_locale":"fr_FR","og_type":"article","og_title":"Nos chiffres gagnants - Torgnon","og_description":"Toutes les donn\u00e9es relatives \u00e0 Torgnon: altitude, nombre de t\u00e9l\u00e9si\u00e8ges, km de pistes et bien plus encore.","og_url":"https:\/\/www.torgnon.org\/fr\/nos-chiffres-gagnants\/","og_site_name":"Torgnon","article_modified_time":"2021-03-25T10:56:58+00:00","twitter_card":"summary_large_image","twitter_title":"Nos chiffres gagnants","twitter_description":"Toutes les donn\u00e9es relatives \u00e0 Torgnon: altitude, nombre de t\u00e9l\u00e9si\u00e8ges, km de pistes et bien plus encore.","twitter_misc":{"Dur\u00e9e de lecture estim\u00e9e":"7 minutes"},"schema":{"@context":"https:\/\/schema.org","@graph":[{"@type":"WebPage","@id":"https:\/\/www.torgnon.org\/fr\/nos-chiffres-gagnants\/","url":"https:\/\/www.torgnon.org\/fr\/nos-chiffres-gagnants\/","name":"Nos chiffres gagnants - Torgnon","isPartOf":{"@id":"https:\/\/www.torgnon.org\/#website"},"datePublished":"2021-02-26T15:31:49+00:00","dateModified":"2021-03-25T10:56:58+00:00","description":"Toutes les donn\u00e9es relatives \u00e0 Torgnon: altitude, nombre de t\u00e9l\u00e9si\u00e8ges, km de pistes et bien plus encore.","inLanguage":"fr-FR","potentialAction":[{"@type":"ReadAction","target":["https:\/\/www.torgnon.org\/fr\/nos-chiffres-gagnants\/"]}]},{"@type":"WebSite","@id":"https:\/\/www.torgnon.org\/#website","url":"https:\/\/www.torgnon.org\/","name":"Torgnon","description":"Torgnon Pure Emotion","potentialAction":[{"@type":"SearchAction","target":{"@type":"EntryPoint","urlTemplate":"https:\/\/www.torgnon.org\/?s={search_term_string}"},"query-input":{"@type":"PropertyValueSpecification","valueRequired":true,"valueName":"search_term_string"}}],"inLanguage":"fr-FR"}]}},"_links":{"self":[{"href":"https:\/\/www.torgnon.org\/fr\/wp-json\/wp\/v2\/pages\/65042"}],"collection":[{"href":"https:\/\/www.torgnon.org\/fr\/wp-json\/wp\/v2\/pages"}],"about":[{"href":"https:\/\/www.torgnon.org\/fr\/wp-json\/wp\/v2\/types\/page"}],"author":[{"embeddable":true,"href":"https:\/\/www.torgnon.org\/fr\/wp-json\/wp\/v2\/users\/1"}],"replies":[{"embeddable":true,"href":"https:\/\/www.torgnon.org\/fr\/wp-json\/wp\/v2\/comments?post=65042"}],"version-history":[{"count":8,"href":"https:\/\/www.torgnon.org\/fr\/wp-json\/wp\/v2\/pages\/65042\/revisions"}],"predecessor-version":[{"id":67263,"href":"https:\/\/www.torgnon.org\/fr\/wp-json\/wp\/v2\/pages\/65042\/revisions\/67263"}],"wp:attachment":[{"href":"https:\/\/www.torgnon.org\/fr\/wp-json\/wp\/v2\/media?parent=65042"}],"curies":[{"name":"wp","href":"https:\/\/api.w.org\/{rel}","templated":true}]}}