{"id":65239,"date":"2021-02-26T18:23:40","date_gmt":"2021-02-26T17:23:40","guid":{"rendered":"https:\/\/www.torgnon.org\/bien-etre-et-detente\/"},"modified":"2021-03-26T10:08:36","modified_gmt":"2021-03-26T09:08:36","slug":"bien-etre-et-detente","status":"publish","type":"page","link":"https:\/\/www.torgnon.org\/fr\/bien-etre-et-detente\/","title":{"rendered":"Bien-\u00eatre et d\u00e9tente"},"content":{"rendered":"[vc_row type=\u00a0\u00bbfull_width_content\u00a0\u00bb full_screen_row_position=\u00a0\u00bbmiddle\u00a0\u00bb column_margin=\u00a0\u00bbdefault\u00a0\u00bb equal_height=\u00a0\u00bbyes\u00a0\u00bb content_placement=\u00a0\u00bbmiddle\u00a0\u00bb column_direction=\u00a0\u00bbdefault\u00a0\u00bb column_direction_tablet=\u00a0\u00bbdefault\u00a0\u00bb column_direction_phone=\u00a0\u00bbdefault\u00a0\u00bb bg_color=\u00a0\u00bb#ffffff\u00a0\u00bb scene_position=\u00a0\u00bbcenter\u00a0\u00bb constrain_group_1=\u00a0\u00bbyes\u00a0\u00bb top_padding_tablet=\u00a0\u00bb8%\u00a0\u00bb bottom_padding_tablet=\u00a0\u00bb8%\u00a0\u00bb text_color=\u00a0\u00bbdark\u00a0\u00bb text_align=\u00a0\u00bbleft\u00a0\u00bb row_border_radius=\u00a0\u00bbnone\u00a0\u00bb row_border_radius_applies=\u00a0\u00bbbg\u00a0\u00bb id=\u00a0\u00bbhome\u00a0\u00bb overlay_strength=\u00a0\u00bb0.5&Prime; gradient_direction=\u00a0\u00bbtop_to_bottom\u00a0\u00bb shape_divider_position=\u00a0\u00bbbottom\u00a0\u00bb bg_image_animation=\u00a0\u00bbnone\u00a0\u00bb shape_type=\u00a0\u00bbstraight_section\u00a0\u00bb][vc_column column_padding=\u00a0\u00bbno-extra-padding\u00a0\u00bb column_padding_tablet=\u00a0\u00bbinherit\u00a0\u00bb column_padding_phone=\u00a0\u00bbinherit\u00a0\u00bb column_padding_position=\u00a0\u00bball\u00a0\u00bb left_margin_tablet=\u00a0\u00bbauto\u00a0\u00bb right_margin_tablet=\u00a0\u00bbauto\u00a0\u00bb left_margin_phone=\u00a0\u00bbauto\u00a0\u00bb right_margin_phone=\u00a0\u00bbauto\u00a0\u00bb background_color_opacity=\u00a0\u00bb1&Prime; background_hover_color_opacity=\u00a0\u00bb1&Prime; column_shadow=\u00a0\u00bbnone\u00a0\u00bb column_border_radius=\u00a0\u00bbnone\u00a0\u00bb column_link_target=\u00a0\u00bb_self\u00a0\u00bb max_width_tablet=\u00a0\u00bb600&Prime; max_width_phone=\u00a0\u00bb420px\u00a0\u00bb gradient_direction=\u00a0\u00bbleft_to_right\u00a0\u00bb overlay_strength=\u00a0\u00bb0.5&Prime; width=\u00a0\u00bb2\/5&Prime; tablet_width_inherit=\u00a0\u00bbdefault\u00a0\u00bb tablet_text_alignment=\u00a0\u00bbdefault\u00a0\u00bb phone_text_alignment=\u00a0\u00bbdefault\u00a0\u00bb column_border_width=\u00a0\u00bbnone\u00a0\u00bb column_border_style=\u00a0\u00bbsolid\u00a0\u00bb bg_image_animation=\u00a0\u00bbnone\u00a0\u00bb offset=\u00a0\u00bbvc_col-xs-12&Prime;][vc_row_inner column_margin=\u00a0\u00bbdefault\u00a0\u00bb column_direction=\u00a0\u00bbdefault\u00a0\u00bb column_direction_tablet=\u00a0\u00bbdefault\u00a0\u00bb column_direction_phone=\u00a0\u00bbdefault\u00a0\u00bb text_align=\u00a0\u00bbleft\u00a0\u00bb][vc_column_inner column_padding=\u00a0\u00bbno-extra-padding\u00a0\u00bb column_padding_tablet=\u00a0\u00bbinherit\u00a0\u00bb column_padding_phone=\u00a0\u00bbinherit\u00a0\u00bb column_padding_position=\u00a0\u00bball\u00a0\u00bb background_color_opacity=\u00a0\u00bb1&Prime; background_hover_color_opacity=\u00a0\u00bb1&Prime; background_image=\u00a0\u00bb61383&Prime; background_image_position=\u00a0\u00bbcenter center\u00a0\u00bb enable_bg_scale=\u00a0\u00bbtrue\u00a0\u00bb column_shadow=\u00a0\u00bbnone\u00a0\u00bb column_border_radius=\u00a0\u00bbnone\u00a0\u00bb column_link_target=\u00a0\u00bb_self\u00a0\u00bb gradient_direction=\u00a0\u00bbleft_to_right\u00a0\u00bb overlay_strength=\u00a0\u00bb0.5&Prime; width=\u00a0\u00bb1\/1&Prime; tablet_width_inherit=\u00a0\u00bbdefault\u00a0\u00bb column_border_width=\u00a0\u00bbnone\u00a0\u00bb column_border_style=\u00a0\u00bbsolid\u00a0\u00bb bg_image_animation=\u00a0\u00bbro-reveal-from-left\u00a0\u00bb][divider line_type=\u00a0\u00bbNo Line\u00a0\u00bb custom_height=\u00a0\u00bb90vh\u00a0\u00bb custom_height_tablet=\u00a0\u00bb40vh\u00a0\u00bb custom_height_phone=\u00a0\u00bb300px\u00a0\u00bb][\/vc_column_inner][\/vc_row_inner][\/vc_column][vc_column column_padding=\u00a0\u00bbpadding-7-percent\u00a0\u00bb column_padding_tablet=\u00a0\u00bbno-extra-padding\u00a0\u00bb column_padding_phone=\u00a0\u00bbno-extra-padding\u00a0\u00bb column_padding_position=\u00a0\u00bbleft-right\u00a0\u00bb top_margin_tablet=\u00a0\u00bb40&Prime; left_margin_tablet=\u00a0\u00bbauto\u00a0\u00bb right_margin_tablet=\u00a0\u00bbauto\u00a0\u00bb left_margin_phone=\u00a0\u00bbauto\u00a0\u00bb right_margin_phone=\u00a0\u00bbauto\u00a0\u00bb background_color_opacity=\u00a0\u00bb1&Prime; background_hover_color_opacity=\u00a0\u00bb1&Prime; column_shadow=\u00a0\u00bbnone\u00a0\u00bb column_border_radius=\u00a0\u00bbnone\u00a0\u00bb column_link_target=\u00a0\u00bb_self\u00a0\u00bb max_width_desktop=\u00a0\u00bb1000px\u00a0\u00bb max_width_tablet=\u00a0\u00bb600px\u00a0\u00bb max_width_phone=\u00a0\u00bb420px\u00a0\u00bb zindex=\u00a0\u00bb100&Prime; gradient_direction=\u00a0\u00bbleft_t_to_right_b\u00a0\u00bb overlay_strength=\u00a0\u00bb0.3&Prime; width=\u00a0\u00bb3\/5&Prime; tablet_width_inherit=\u00a0\u00bbdefault\u00a0\u00bb tablet_text_alignment=\u00a0\u00bbdefault\u00a0\u00bb phone_text_alignment=\u00a0\u00bbdefault\u00a0\u00bb column_border_width=\u00a0\u00bbnone\u00a0\u00bb column_border_style=\u00a0\u00bbsolid\u00a0\u00bb bg_image_animation=\u00a0\u00bbnone\u00a0\u00bb offset=\u00a0\u00bbvc_col-xs-12&Prime;][vc_row_inner column_margin=\u00a0\u00bb40px\u00a0\u00bb column_direction=\u00a0\u00bbdefault\u00a0\u00bb column_direction_tablet=\u00a0\u00bbdefault\u00a0\u00bb column_direction_phone=\u00a0\u00bbdefault\u00a0\u00bb text_align=\u00a0\u00bbleft\u00a0\u00bb min_width=\u00a0\u00bb47vh\u00a0\u00bb][vc_column_inner column_padding=\u00a0\u00bbno-extra-padding\u00a0\u00bb column_padding_tablet=\u00a0\u00bbinherit\u00a0\u00bb column_padding_phone=\u00a0\u00bbinherit\u00a0\u00bb column_padding_position=\u00a0\u00bball\u00a0\u00bb background_color_opacity=\u00a0\u00bb1&Prime; background_hover_color_opacity=\u00a0\u00bb1&Prime; column_shadow=\u00a0\u00bbnone\u00a0\u00bb column_border_radius=\u00a0\u00bbnone\u00a0\u00bb column_link_target=\u00a0\u00bb_self\u00a0\u00bb gradient_direction=\u00a0\u00bbleft_to_right\u00a0\u00bb overlay_strength=\u00a0\u00bb0.3&Prime; width=\u00a0\u00bb1\/1&Prime; tablet_width_inherit=\u00a0\u00bbdefault\u00a0\u00bb column_border_width=\u00a0\u00bbnone\u00a0\u00bb column_border_style=\u00a0\u00bbsolid\u00a0\u00bb enable_border_animation=\u00a0\u00bbtrue\u00a0\u00bb bg_image_animation=\u00a0\u00bbnone\u00a0\u00bb enable_animation=\u00a0\u00bbtrue\u00a0\u00bb animation=\u00a0\u00bbfade-in-from-bottom\u00a0\u00bb][vc_column_text css_animation=\u00a0\u00bbnone\u00a0\u00bb css=\u00a0\u00bb.vc_custom_1599055336686{margin-bottom: 20px !important;}\u00a0\u00bb]\n<h2>BIEN-\u00caTRE ET D\u00c9TENTE<\/h2>\n[\/vc_column_text][vc_column_text css_animation=\u00a0\u00bbnone\u00a0\u00bb css=\u00a0\u00bb.vc_custom_1616749712761{margin-bottom: 10px !important;}\u00a0\u00bb]\n<div id=\"change_wrap_div\">\n<section id=\"layout\" class=\"no-title\">\n<div class=\"vc-row-wrapper vc_row-fluid full-browser-size ult-vc-hide-row\" data-parallax_sense=\"30\" data-dfd-dots-title=\"\" data-rtl=\"false\" data-row-effect-mobile-disable=\"true\" data-img-parallax-mobile-disable=\"true\">\n<div class=\"upb-background-text-wrapper\">\n<div class=\"upb-background-text\">\n<div class=\"row\">\n<div class=\"twelve vc_hidden-xs columns\">\n<div class=\"wpb_wrapper\">\n<div class=\"vc-row-wrapper vc_inner vc_row-fluid\">\n<div class=\"row\">\n<div class=\"columns seven vc_custom_1447156140098\">\n<div class=\"wpb_wrapper\">\n<div class=\"wpb_text_column wpb_content_element \">\n<div class=\"wpb_wrapper\">\n<p><span style=\"color: #000000;\"><span style=\"font-size: medium;\"><span lang=\"fr-FR\">Apr\u00e8s une journ\u00e9e de ski, <\/span><\/span><span style=\"font-size: medium;\"><span lang=\"fr-FR\">de<\/span><\/span><span style=\"font-size: medium;\"><span lang=\"fr-FR\"> trekking ou de sport en plein air, qu&rsquo;y a-t-il de plus agr\u00e9able et de plus relaxant que quelques heures dans un <\/span><\/span><span style=\"font-size: medium;\"><span lang=\"fr-FR\">centre de<\/span><\/span><span style=\"font-size: medium;\"><span lang=\"fr-FR\"> bien-\u00eatre ? Torgnon dispose de deux <\/span><\/span><span style=\"font-size: medium;\"><span lang=\"fr-FR\">spas<\/span><\/span><span style=\"font-size: medium;\"><span lang=\"fr-FR\"> dot\u00e9s de sauna, bain turc et jacuzzi. En outre, de nombreux traitements relaxants et r\u00e9g\u00e9n\u00e9rants sont propos\u00e9s, pour encore plus de d\u00e9tente.<\/span><\/span><\/span><\/p>\n<p><span style=\"color: #000000;\"><span style=\"font-size: medium;\"><span lang=\"fr-FR\">Pr\u00e9sents dans deux des nombreux h\u00f4tels de Torgnon, les <\/span><\/span><span style=\"font-size: medium;\"><span lang=\"fr-FR\">centres<\/span><\/span><span style=\"font-size: medium;\"><span lang=\"fr-FR\"> bien-\u00eatre sont l<\/span><\/span><span style=\"font-size: medium;\"><span lang=\"fr-FR\">e compl\u00e9ment<\/span><\/span><span style=\"font-size: medium;\"><span lang=\"fr-FR\"> id\u00e9al pour des vacances parfaites, sous le signe de la relaxation et de la d\u00e9tente.<\/span><\/span><\/span><\/p>\n<p><span style=\"color: #000000;\"><span style=\"font-size: medium;\"><span lang=\"fr-FR\">Centre<\/span><\/span><span style=\"font-size: medium;\"><span lang=\"fr-FR\"> bien-\u00eatre H\u00f4tel Caprice des Neiges<\/span><\/span><\/span><\/p>\n<p lang=\"fr-FR\"><span style=\"color: #000000;\"><span style=\"font-size: medium;\">Le centre est ouvert de 16\u00a0h \u00e0 19\u00a0h\u00a030 \u00e0 tous les clients de l&rsquo;h\u00f4tel. Il est interdit aux moins de 16 ans.<\/span><\/span><\/p>\n<p lang=\"fr-FR\"><span style=\"color: #000000;\"><span style=\"font-size: medium;\">Infos: +39 0166.541.016<\/span><\/span><\/p>\n<p><span style=\"color: #000000;\"><span style=\"font-size: medium;\"><span lang=\"fr-FR\">Centre<\/span><\/span><span style=\"font-size: medium;\"><span lang=\"fr-FR\"> bien-\u00eatre H\u00f4tel Zerbion<\/span><\/span><\/span><\/p>\n<p><span style=\"color: #000000;\"><span style=\"font-size: medium;\"><span lang=\"fr-FR\">Ce centre,<\/span><\/span> <span style=\"font-size: medium;\"><span lang=\"fr-FR\">ouvert \u00e9t\u00e9 <\/span><\/span><span style=\"font-size: medium;\"><span lang=\"fr-FR\">comme<\/span><\/span><span style=\"font-size: medium;\"><span lang=\"fr-FR\"> hiver, <\/span><\/span><span style=\"font-size: medium;\"><span lang=\"fr-FR\">aux clients de l\u2019h\u00f4tel \u2013 et<\/span><\/span><span style=\"font-size: medium;\"><span lang=\"fr-FR\"> au<\/span><\/span><span style=\"font-size: medium;\"><span lang=\"fr-FR\"> p<\/span><\/span><span style=\"font-size: medium;\"><span lang=\"fr-FR\">ublic, sur r\u00e9se<\/span><\/span><span style=\"font-size: medium;\"><span lang=\"fr-FR\">rvation \u2013 <\/span><\/span><span style=\"font-size: medium;\"><span lang=\"fr-FR\">est dot\u00e9 d\u2019un sauna, d\u2019un hammam et <\/span><\/span><span style=\"font-size: medium;\"><span lang=\"fr-FR\">d\u2019une vasque <\/span><\/span><span style=\"font-size: medium;\"><span lang=\"fr-FR\">hydromassage.<br \/>\n<\/span><\/span><span style=\"font-size: medium;\">Infos: +39 0166.540.239<\/span><\/span><\/p>\n<\/div>\n<\/div>\n<\/div>\n<\/div>\n<\/div>\n<\/div>\n<\/div>\n<\/div>\n<\/div>\n<\/div>\n<\/div>\n<\/div>\n<\/section>\n<\/div>\n[\/vc_column_text][\/vc_column_inner][\/vc_row_inner][\/vc_column][\/vc_row]\n","protected":false},"excerpt":{"rendered":"<p>[vc_row type=\u00a0\u00bbfull_width_content\u00a0\u00bb full_screen_row_position=\u00a0\u00bbmiddle\u00a0\u00bb column_margin=\u00a0\u00bbdefault\u00a0\u00bb equal_height=\u00a0\u00bbyes\u00a0\u00bb content_placement=\u00a0\u00bbmiddle\u00a0\u00bb column_direction=\u00a0\u00bbdefault\u00a0\u00bb column_direction_tablet=\u00a0\u00bbdefault\u00a0\u00bb column_direction_phone=\u00a0\u00bbdefault\u00a0\u00bb bg_color=\u00a0\u00bb#ffffff\u00a0\u00bb scene_position=\u00a0\u00bbcenter\u00a0\u00bb constrain_group_1=\u00a0\u00bbyes\u00a0\u00bb top_padding_tablet=\u00a0\u00bb8%\u00a0\u00bb bottom_padding_tablet=\u00a0\u00bb8%\u00a0\u00bb text_color=\u00a0\u00bbdark\u00a0\u00bb text_align=\u00a0\u00bbleft\u00a0\u00bb row_border_radius=\u00a0\u00bbnone\u00a0\u00bb row_border_radius_applies=\u00a0\u00bbbg\u00a0\u00bb id=\u00a0\u00bbhome\u00a0\u00bb overlay_strength=\u00a0\u00bb0.5&Prime; gradient_direction=\u00a0\u00bbtop_to_bottom\u00a0\u00bb shape_divider_position=\u00a0\u00bbbottom\u00a0\u00bb bg_image_animation=\u00a0\u00bbnone\u00a0\u00bb shape_type=\u00a0\u00bbstraight_section\u00a0\u00bb][vc_column column_padding=\u00a0\u00bbno-extra-padding\u00a0\u00bb column_padding_tablet=\u00a0\u00bbinherit\u00a0\u00bb column_padding_phone=\u00a0\u00bbinherit\u00a0\u00bb column_padding_position=\u00a0\u00bball\u00a0\u00bb left_margin_tablet=\u00a0\u00bbauto\u00a0\u00bb right_margin_tablet=\u00a0\u00bbauto\u00a0\u00bb&#8230;<\/p>\n","protected":false},"author":1,"featured_media":0,"parent":0,"menu_order":0,"comment_status":"closed","ping_status":"closed","template":"","meta":{"footnotes":""},"class_list":["post-65239","page","type-page","status-publish"],"yoast_head":"<!-- This site is optimized with the Yoast SEO plugin v25.2 - https:\/\/yoast.com\/wordpress\/plugins\/seo\/ -->\n<title>Bien-\u00eatre et d\u00e9tente dans les spas de Torgnon<\/title>\n<meta name=\"description\" content=\"Apr\u00e8s une randonn\u00e9e ou une journ\u00e9e de ski d\u00e9tendez-vous dans des spas \u00e9quip\u00e9s de sauna, bain turc, bain \u00e0 remous et de nombreux soins relaxants et r\u00e9g\u00e9n\u00e9rants.\" \/>\n<meta name=\"robots\" content=\"index, follow, max-snippet:-1, max-image-preview:large, max-video-preview:-1\" \/>\n<link rel=\"canonical\" href=\"https:\/\/www.torgnon.org\/fr\/bien-etre-et-detente\/\" \/>\n<meta property=\"og:locale\" content=\"fr_FR\" \/>\n<meta property=\"og:type\" content=\"article\" \/>\n<meta property=\"og:title\" content=\"Bien-\u00eatre et d\u00e9tente \u00e0 Torgnon\" \/>\n<meta property=\"og:description\" content=\"Apr\u00e8s une randonn\u00e9e ou une journ\u00e9e de ski d\u00e9tendez-vous dans des spas \u00e9quip\u00e9s de sauna, bain turc, bain \u00e0 remous et de nombreux soins relaxants et r\u00e9g\u00e9n\u00e9rants.\" \/>\n<meta property=\"og:url\" content=\"https:\/\/www.torgnon.org\/fr\/bien-etre-et-detente\/\" \/>\n<meta property=\"og:site_name\" content=\"Torgnon\" \/>\n<meta property=\"article:modified_time\" content=\"2021-03-26T09:08:36+00:00\" \/>\n<meta name=\"twitter:card\" content=\"summary_large_image\" \/>\n<meta name=\"twitter:title\" content=\"Bien-\u00eatre et d\u00e9tente \u00e0 Torgnon\" \/>\n<meta name=\"twitter:description\" content=\"Apr\u00e8s une randonn\u00e9e ou une journ\u00e9e de ski d\u00e9tendez-vous dans des spas \u00e9quip\u00e9s de sauna, bain turc, bain \u00e0 remous et de nombreux soins relaxants et r\u00e9g\u00e9n\u00e9rants.\" \/>\n<meta name=\"twitter:label1\" content=\"Dur\u00e9e de lecture estim\u00e9e\" \/>\n\t<meta name=\"twitter:data1\" content=\"4 minutes\" \/>\n<script type=\"application\/ld+json\" class=\"yoast-schema-graph\">{\"@context\":\"https:\/\/schema.org\",\"@graph\":[{\"@type\":\"WebPage\",\"@id\":\"https:\/\/www.torgnon.org\/fr\/bien-etre-et-detente\/\",\"url\":\"https:\/\/www.torgnon.org\/fr\/bien-etre-et-detente\/\",\"name\":\"Bien-\u00eatre et d\u00e9tente dans les spas de Torgnon\",\"isPartOf\":{\"@id\":\"https:\/\/www.torgnon.org\/#website\"},\"datePublished\":\"2021-02-26T17:23:40+00:00\",\"dateModified\":\"2021-03-26T09:08:36+00:00\",\"description\":\"Apr\u00e8s une randonn\u00e9e ou une journ\u00e9e de ski d\u00e9tendez-vous dans des spas \u00e9quip\u00e9s de sauna, bain turc, bain \u00e0 remous et de nombreux soins relaxants et r\u00e9g\u00e9n\u00e9rants.\",\"inLanguage\":\"fr-FR\",\"potentialAction\":[{\"@type\":\"ReadAction\",\"target\":[\"https:\/\/www.torgnon.org\/fr\/bien-etre-et-detente\/\"]}]},{\"@type\":\"WebSite\",\"@id\":\"https:\/\/www.torgnon.org\/#website\",\"url\":\"https:\/\/www.torgnon.org\/\",\"name\":\"Torgnon\",\"description\":\"Torgnon Pure Emotion\",\"potentialAction\":[{\"@type\":\"SearchAction\",\"target\":{\"@type\":\"EntryPoint\",\"urlTemplate\":\"https:\/\/www.torgnon.org\/?s={search_term_string}\"},\"query-input\":{\"@type\":\"PropertyValueSpecification\",\"valueRequired\":true,\"valueName\":\"search_term_string\"}}],\"inLanguage\":\"fr-FR\"}]}<\/script>\n<!-- \/ Yoast SEO plugin. -->","yoast_head_json":{"title":"Bien-\u00eatre et d\u00e9tente dans les spas de Torgnon","description":"Apr\u00e8s une randonn\u00e9e ou une journ\u00e9e de ski d\u00e9tendez-vous dans des spas \u00e9quip\u00e9s de sauna, bain turc, bain \u00e0 remous et de nombreux soins relaxants et r\u00e9g\u00e9n\u00e9rants.","robots":{"index":"index","follow":"follow","max-snippet":"max-snippet:-1","max-image-preview":"max-image-preview:large","max-video-preview":"max-video-preview:-1"},"canonical":"https:\/\/www.torgnon.org\/fr\/bien-etre-et-detente\/","og_locale":"fr_FR","og_type":"article","og_title":"Bien-\u00eatre et d\u00e9tente \u00e0 Torgnon","og_description":"Apr\u00e8s une randonn\u00e9e ou une journ\u00e9e de ski d\u00e9tendez-vous dans des spas \u00e9quip\u00e9s de sauna, bain turc, bain \u00e0 remous et de nombreux soins relaxants et r\u00e9g\u00e9n\u00e9rants.","og_url":"https:\/\/www.torgnon.org\/fr\/bien-etre-et-detente\/","og_site_name":"Torgnon","article_modified_time":"2021-03-26T09:08:36+00:00","twitter_card":"summary_large_image","twitter_title":"Bien-\u00eatre et d\u00e9tente \u00e0 Torgnon","twitter_description":"Apr\u00e8s une randonn\u00e9e ou une journ\u00e9e de ski d\u00e9tendez-vous dans des spas \u00e9quip\u00e9s de sauna, bain turc, bain \u00e0 remous et de nombreux soins relaxants et r\u00e9g\u00e9n\u00e9rants.","twitter_misc":{"Dur\u00e9e de lecture estim\u00e9e":"4 minutes"},"schema":{"@context":"https:\/\/schema.org","@graph":[{"@type":"WebPage","@id":"https:\/\/www.torgnon.org\/fr\/bien-etre-et-detente\/","url":"https:\/\/www.torgnon.org\/fr\/bien-etre-et-detente\/","name":"Bien-\u00eatre et d\u00e9tente dans les spas de Torgnon","isPartOf":{"@id":"https:\/\/www.torgnon.org\/#website"},"datePublished":"2021-02-26T17:23:40+00:00","dateModified":"2021-03-26T09:08:36+00:00","description":"Apr\u00e8s une randonn\u00e9e ou une journ\u00e9e de ski d\u00e9tendez-vous dans des spas \u00e9quip\u00e9s de sauna, bain turc, bain \u00e0 remous et de nombreux soins relaxants et r\u00e9g\u00e9n\u00e9rants.","inLanguage":"fr-FR","potentialAction":[{"@type":"ReadAction","target":["https:\/\/www.torgnon.org\/fr\/bien-etre-et-detente\/"]}]},{"@type":"WebSite","@id":"https:\/\/www.torgnon.org\/#website","url":"https:\/\/www.torgnon.org\/","name":"Torgnon","description":"Torgnon Pure Emotion","potentialAction":[{"@type":"SearchAction","target":{"@type":"EntryPoint","urlTemplate":"https:\/\/www.torgnon.org\/?s={search_term_string}"},"query-input":{"@type":"PropertyValueSpecification","valueRequired":true,"valueName":"search_term_string"}}],"inLanguage":"fr-FR"}]}},"_links":{"self":[{"href":"https:\/\/www.torgnon.org\/fr\/wp-json\/wp\/v2\/pages\/65239"}],"collection":[{"href":"https:\/\/www.torgnon.org\/fr\/wp-json\/wp\/v2\/pages"}],"about":[{"href":"https:\/\/www.torgnon.org\/fr\/wp-json\/wp\/v2\/types\/page"}],"author":[{"embeddable":true,"href":"https:\/\/www.torgnon.org\/fr\/wp-json\/wp\/v2\/users\/1"}],"replies":[{"embeddable":true,"href":"https:\/\/www.torgnon.org\/fr\/wp-json\/wp\/v2\/comments?post=65239"}],"version-history":[{"count":6,"href":"https:\/\/www.torgnon.org\/fr\/wp-json\/wp\/v2\/pages\/65239\/revisions"}],"predecessor-version":[{"id":67298,"href":"https:\/\/www.torgnon.org\/fr\/wp-json\/wp\/v2\/pages\/65239\/revisions\/67298"}],"wp:attachment":[{"href":"https:\/\/www.torgnon.org\/fr\/wp-json\/wp\/v2\/media?parent=65239"}],"curies":[{"name":"wp","href":"https:\/\/api.w.org\/{rel}","templated":true}]}}