{"id":65558,"date":"2021-02-28T09:57:15","date_gmt":"2021-02-28T08:57:15","guid":{"rendered":"https:\/\/www.torgnon.org\/tour-science\/"},"modified":"2021-03-24T09:21:08","modified_gmt":"2021-03-24T08:21:08","slug":"tour-science","status":"publish","type":"page","link":"https:\/\/www.torgnon.org\/fr\/tour-science\/","title":{"rendered":"Tour Science"},"content":{"rendered":"[vc_row type=\u00a0\u00bbfull_width_content\u00a0\u00bb full_screen_row_position=\u00a0\u00bbmiddle\u00a0\u00bb column_margin=\u00a0\u00bbdefault\u00a0\u00bb equal_height=\u00a0\u00bbyes\u00a0\u00bb content_placement=\u00a0\u00bbmiddle\u00a0\u00bb column_direction=\u00a0\u00bbdefault\u00a0\u00bb column_direction_tablet=\u00a0\u00bbdefault\u00a0\u00bb column_direction_phone=\u00a0\u00bbdefault\u00a0\u00bb full_height=\u00a0\u00bbyes\u00a0\u00bb columns_placement=\u00a0\u00bbstretch\u00a0\u00bb scene_position=\u00a0\u00bbcenter\u00a0\u00bb text_color=\u00a0\u00bbdark\u00a0\u00bb text_align=\u00a0\u00bbleft\u00a0\u00bb row_border_radius=\u00a0\u00bbnone\u00a0\u00bb row_border_radius_applies=\u00a0\u00bbbg\u00a0\u00bb overlay_strength=\u00a0\u00bb0.3&Prime; gradient_direction=\u00a0\u00bbleft_to_right\u00a0\u00bb shape_divider_position=\u00a0\u00bbbottom\u00a0\u00bb bg_image_animation=\u00a0\u00bbnone\u00a0\u00bb][vc_column column_padding=\u00a0\u00bbno-extra-padding\u00a0\u00bb column_padding_tablet=\u00a0\u00bbinherit\u00a0\u00bb column_padding_phone=\u00a0\u00bbinherit\u00a0\u00bb column_padding_position=\u00a0\u00bball\u00a0\u00bb background_color_opacity=\u00a0\u00bb1&Prime; background_hover_color_opacity=\u00a0\u00bb1&Prime; background_image=\u00a0\u00bb58969&Prime; background_image_position=\u00a0\u00bbcenter center\u00a0\u00bb column_shadow=\u00a0\u00bbnone\u00a0\u00bb column_border_radius=\u00a0\u00bbnone\u00a0\u00bb column_link_target=\u00a0\u00bb_self\u00a0\u00bb gradient_direction=\u00a0\u00bbleft_to_right\u00a0\u00bb overlay_strength=\u00a0\u00bb0.3&Prime; width=\u00a0\u00bb1\/2&Prime; tablet_width_inherit=\u00a0\u00bbdefault\u00a0\u00bb tablet_text_alignment=\u00a0\u00bbdefault\u00a0\u00bb phone_text_alignment=\u00a0\u00bbdefault\u00a0\u00bb column_border_width=\u00a0\u00bbnone\u00a0\u00bb column_border_style=\u00a0\u00bbsolid\u00a0\u00bb bg_image_animation=\u00a0\u00bbnone\u00a0\u00bb][divider line_type=\u00a0\u00bbNo Line\u00a0\u00bb custom_height=\u00a0\u00bb500&Prime;][\/vc_column][vc_column column_padding=\u00a0\u00bbpadding-8-percent\u00a0\u00bb column_padding_tablet=\u00a0\u00bbinherit\u00a0\u00bb column_padding_phone=\u00a0\u00bbinherit\u00a0\u00bb column_padding_position=\u00a0\u00bball\u00a0\u00bb background_color=\u00a0\u00bb#ffffff\u00a0\u00bb background_color_opacity=\u00a0\u00bb1&Prime; background_hover_color_opacity=\u00a0\u00bb1&Prime; column_shadow=\u00a0\u00bbnone\u00a0\u00bb column_border_radius=\u00a0\u00bbnone\u00a0\u00bb column_link_target=\u00a0\u00bb_self\u00a0\u00bb gradient_direction=\u00a0\u00bbleft_to_right\u00a0\u00bb overlay_strength=\u00a0\u00bb0.3&Prime; width=\u00a0\u00bb1\/2&Prime; tablet_width_inherit=\u00a0\u00bbdefault\u00a0\u00bb tablet_text_alignment=\u00a0\u00bbdefault\u00a0\u00bb phone_text_alignment=\u00a0\u00bbdefault\u00a0\u00bb column_border_width=\u00a0\u00bbnone\u00a0\u00bb column_border_style=\u00a0\u00bbsolid\u00a0\u00bb bg_image_animation=\u00a0\u00bbnone\u00a0\u00bb][nectar_animated_title heading_tag=\u00a0\u00bbh5&Prime; style=\u00a0\u00bbcolor-strip-reveal\u00a0\u00bb color=\u00a0\u00bbAccent-Color\u00a0\u00bb text=\u00a0\u00bbInterreg ALCOTRA\u00a0\u00bb][vc_custom_heading text=\u00a0\u00bbProjet Tour Science\u00a0\u00bb font_container=\u00a0\u00bbtag:h2|font_size:42|text_align:left|line_height:52px\u00a0\u00bb use_theme_fonts=\u00a0\u00bbyes\u00a0\u00bb][vc_column_text css=\u00a0\u00bb.vc_custom_1599301815207{margin-bottom: 30px !important;}\u00a0\u00bb]<strong>Description du projet<\/strong><\/p>\n<p align=\"justify\"><span style=\"color: #000000;\"><span style=\"font-size: medium;\"><span lang=\"fr-FR\">Avec <\/span><\/span><span style=\"font-size: medium;\"><span lang=\"fr-FR\">l\u2019<\/span><\/span><span style=\"font-size: medium;\"><span lang=\"fr-FR\">ARP<\/span><\/span><span style=\"font-size: medium;\"><span lang=\"fr-FR\">E<\/span><\/span><span style=\"font-size: medium;\"><span lang=\"fr-FR\"> Vall<\/span><\/span><span style=\"font-size: medium;\"><span lang=\"fr-FR\">\u00e9<\/span><\/span><span style=\"font-size: medium;\"><span lang=\"fr-FR\">e d\u2019Aost<\/span><\/span><span style=\"font-size: medium;\"><span lang=\"fr-FR\">e<\/span><\/span><span style=\"font-size: medium;\"><span lang=\"fr-FR\"> et <\/span><\/span><span style=\"font-size: medium;\"><span lang=\"fr-FR\">le<\/span><\/span><span style=\"font-size: medium;\"><span lang=\"fr-FR\"> CREA Mont-Blanc (Centre de recherches sur les \u00e9cosyst\u00e8mes d\u2019altitude), <\/span><\/span><span style=\"font-size: medium;\"><span lang=\"fr-FR\">l<\/span><\/span><span style=\"font-size: medium;\"><span lang=\"fr-FR\">a Commune de Torgnon participe au projet <\/span><\/span><span style=\"font-family: Calibri, sans-serif;\"><span style=\"font-size: medium;\"><span lang=\"fr-FR\">\u00ab<\/span><\/span><\/span><span style=\"font-family: Calibri, serif;\"><span style=\"font-size: medium;\"><span lang=\"fr-FR\">\u00a0<\/span><\/span><\/span><span style=\"font-size: medium;\"><span lang=\"fr-FR\">TourScience \u2013 D\u00e9veloppement d\u2019un \u00e9co-tourisme scientifique durable a<\/span><\/span><span style=\"font-size: medium;\"><span lang=\"fr-FR\">u<\/span><\/span><span style=\"font-size: medium;\"><span lang=\"fr-FR\">tour du Mont-Blanc\u00a0\u00bb, cofinanc\u00e9 dans le cadre du Programme INTERREG Italie-France ALCOTRA 2014-2020.<\/span><\/span><\/span><\/p>\n<p align=\"justify\"><span style=\"color: #000000;\"><span style=\"font-size: medium;\"><span lang=\"fr-FR\">L\u2019objectif d<\/span><\/span><span style=\"font-size: medium;\"><span lang=\"fr-FR\">e ce<\/span><\/span> <span style=\"font-size: medium;\"><span lang=\"fr-FR\">p<\/span><\/span><span style=\"font-size: medium;\"><span lang=\"fr-FR\">rojet est la cr\u00e9ation d\u2019une offre touristique innovante et durable, bas\u00e9e sur l\u2019observation de la nature et de ses changements, <\/span><\/span><span style=\"font-size: medium;\"><span lang=\"fr-FR\">visant \u00e0<\/span><\/span><span style=\"font-size: medium;\"><span lang=\"fr-FR\"> mettre en valeur le patrimoine environnemental du Mont-Blanc et de la Vall\u00e9e d\u2019Aoste, deux territoires riches <\/span><\/span><span style=\"font-size: medium;\"><span lang=\"fr-FR\">d\u2019<\/span><\/span><span style=\"font-size: medium;\"><span lang=\"fr-FR\">histoire et <\/span><\/span><span style=\"font-size: medium;\"><span lang=\"fr-FR\">d\u2019<\/span><\/span><span style=\"font-size: medium;\"><span lang=\"fr-FR\">actualit\u00e9 scientifique souvent inconnues <\/span><\/span><span style=\"font-size: medium;\"><span lang=\"fr-FR\">des<\/span><\/span><span style=\"font-size: medium;\"><span lang=\"fr-FR\"> visiteurs.<\/span><\/span><\/span><\/p>\n<p align=\"justify\"><span style=\"color: #000000;\"><span style=\"font-size: medium;\"><span lang=\"fr-FR\">CREA Mont-Blanc et ARP<\/span><\/span><span style=\"font-size: medium;\"><span lang=\"fr-FR\">E<\/span><\/span><span style=\"font-size: medium;\"><span lang=\"fr-FR\"> VdA <\/span><\/span><span style=\"font-size: medium;\"><span lang=\"fr-FR\">y <\/span><\/span><span style=\"font-size: medium;\"><span lang=\"fr-FR\">apportent le<\/span><\/span><span style=\"font-size: medium;\"><span lang=\"fr-FR\">ur<\/span><\/span><span style=\"font-size: medium;\"><span lang=\"fr-FR\">s comp\u00e9tences scientifiques, alors que la Commune de Torgnon, gr\u00e2ce \u00e0 son exp\u00e9rience touristique et \u00e0 <\/span><\/span><span style=\"font-size: medium;\"><span lang=\"fr-FR\">son profond <\/span><\/span><span style=\"font-size: medium;\"><span lang=\"fr-FR\">enracinement territorial, exp\u00e9rimente un parcours de visite et de nouveaux produits <\/span><\/span><span style=\"font-size: medium;\"><span lang=\"fr-FR\">propres \u00e0<\/span><\/span><span style=\"font-size: medium;\"><span lang=\"fr-FR\"> valoriser le territoire et les informations scientifiques sp\u00e9cifiques.<\/span><\/span><\/span><\/p>\n<p align=\"justify\">Le projet comprend le service relatif au v\u00e9lo \u00e9lectrique financ\u00e9 par TourScience dans le cadre du Programme INTERREG Italie-France ALCOTRA 2014-2020.<\/p>\n[\/vc_column_text][nectar_cta btn_style=\u00a0\u00bbarrow-animation\u00a0\u00bb heading_tag=\u00a0\u00bbh4&Prime; text_color=\u00a0\u00bb#eb7837&Prime; button_color=\u00a0\u00bbdefault\u00a0\u00bb link_type=\u00a0\u00bbnew_tab\u00a0\u00bb alignment=\u00a0\u00bbleft\u00a0\u00bb display=\u00a0\u00bbblock\u00a0\u00bb link_text=\u00a0\u00bbVisitez le site web\u00a0\u00bb url=\u00a0\u00bbhttps:\/\/tourscience.torgnon.org\/?lang=fr\u00a0\u00bb][nectar_cta btn_style=\u00a0\u00bbarrow-animation\u00a0\u00bb heading_tag=\u00a0\u00bbh4&Prime; text_color=\u00a0\u00bb#eb7837&Prime; button_color=\u00a0\u00bbdefault\u00a0\u00bb link_type=\u00a0\u00bbnew_tab\u00a0\u00bb alignment=\u00a0\u00bbleft\u00a0\u00bb display=\u00a0\u00bbblock\u00a0\u00bb link_text=\u00a0\u00bbV\u00e9lo \u00e9lectrique et descente\u00a0\u00bb url=\u00a0\u00bbhttps:\/\/www.torgnon.org\/easy-downhill\/\u00a0\u00bb][\/vc_column][\/vc_row][vc_row type=\u00a0\u00bbin_container\u00a0\u00bb full_screen_row_position=\u00a0\u00bbmiddle\u00a0\u00bb column_margin=\u00a0\u00bbdefault\u00a0\u00bb column_direction=\u00a0\u00bbdefault\u00a0\u00bb column_direction_tablet=\u00a0\u00bbdefault\u00a0\u00bb column_direction_phone=\u00a0\u00bbdefault\u00a0\u00bb scene_position=\u00a0\u00bbcenter\u00a0\u00bb text_color=\u00a0\u00bbdark\u00a0\u00bb text_align=\u00a0\u00bbleft\u00a0\u00bb row_border_radius=\u00a0\u00bbnone\u00a0\u00bb row_border_radius_applies=\u00a0\u00bbbg\u00a0\u00bb overlay_strength=\u00a0\u00bb0.3&Prime; gradient_direction=\u00a0\u00bbleft_to_right\u00a0\u00bb shape_divider_position=\u00a0\u00bbbottom\u00a0\u00bb bg_image_animation=\u00a0\u00bbnone\u00a0\u00bb][vc_column column_padding=\u00a0\u00bbno-extra-padding\u00a0\u00bb column_padding_tablet=\u00a0\u00bbinherit\u00a0\u00bb column_padding_phone=\u00a0\u00bbinherit\u00a0\u00bb column_padding_position=\u00a0\u00bball\u00a0\u00bb top_margin=\u00a0\u00bb13&Prime; background_color_opacity=\u00a0\u00bb1&Prime; background_hover_color_opacity=\u00a0\u00bb1&Prime; column_shadow=\u00a0\u00bbnone\u00a0\u00bb column_border_radius=\u00a0\u00bbnone\u00a0\u00bb column_link_target=\u00a0\u00bb_self\u00a0\u00bb gradient_direction=\u00a0\u00bbleft_to_right\u00a0\u00bb overlay_strength=\u00a0\u00bb0.3&Prime; width=\u00a0\u00bb1\/1&Prime; tablet_width_inherit=\u00a0\u00bbdefault\u00a0\u00bb tablet_text_alignment=\u00a0\u00bbdefault\u00a0\u00bb phone_text_alignment=\u00a0\u00bbdefault\u00a0\u00bb column_border_width=\u00a0\u00bbnone\u00a0\u00bb column_border_style=\u00a0\u00bbsolid\u00a0\u00bb bg_image_animation=\u00a0\u00bbnone\u00a0\u00bb][vc_column_text]\n<ul class=\"partner\">\n<li><a href=\"#\" target=\"_blank\" rel=\"noopener noreferrer\"><img decoding=\"async\" src=\"https:\/\/www.torgnon.org\/wp-content\/uploads\/2020\/09\/1.png\" \/><\/a><\/li>\n<li><a href=\"#\" target=\"_blank\" rel=\"noopener noreferrer\"><img decoding=\"async\" src=\"https:\/\/www.torgnon.org\/wp-content\/uploads\/2020\/09\/2.png\" \/><\/a><\/li>\n<li><a href=\"#\" target=\"_blank\" rel=\"noopener noreferrer\"><img decoding=\"async\" src=\"https:\/\/www.torgnon.org\/wp-content\/uploads\/2020\/09\/3.png\" \/><\/a><\/li>\n<li><a href=\"#\" target=\"_blank\" rel=\"noopener noreferrer\"><img decoding=\"async\" src=\"https:\/\/www.torgnon.org\/wp-content\/uploads\/2020\/09\/4.png\" \/><\/a><\/li>\n<li><a href=\"#\" target=\"_blank\" rel=\"noopener noreferrer\"><img decoding=\"async\" src=\"https:\/\/www.torgnon.org\/wp-content\/uploads\/2020\/09\/5.png\" \/><\/a><\/li>\n<li><a href=\"#\" target=\"_blank\" rel=\"noopener noreferrer\"><img decoding=\"async\" src=\"https:\/\/www.torgnon.org\/wp-content\/uploads\/2020\/09\/6.png\" \/><\/a><\/li>\n<li><a href=\"#\" target=\"_blank\" rel=\"noopener noreferrer\"><img decoding=\"async\" src=\"https:\/\/www.torgnon.org\/wp-content\/uploads\/2020\/09\/7.png\" \/><\/a><\/li>\n<li><a href=\"#\" target=\"_blank\" rel=\"noopener noreferrer\"><img decoding=\"async\" src=\"https:\/\/www.torgnon.org\/wp-content\/uploads\/2020\/09\/8.png\" \/><\/a><\/li>\n<li><a href=\"#\" target=\"_blank\" rel=\"noopener noreferrer\"><img decoding=\"async\" src=\"https:\/\/www.torgnon.org\/wp-content\/uploads\/2020\/09\/9.png\" \/><\/a><\/li>\n<li><a href=\"#\" target=\"_blank\" rel=\"noopener noreferrer\"><img decoding=\"async\" src=\"https:\/\/www.torgnon.org\/wp-content\/uploads\/2020\/09\/10.png\" \/><\/a><\/li>\n<\/ul>\n[\/vc_column_text][\/vc_column][\/vc_row]\n","protected":false},"excerpt":{"rendered":"<p>[vc_row type=\u00a0\u00bbfull_width_content\u00a0\u00bb full_screen_row_position=\u00a0\u00bbmiddle\u00a0\u00bb column_margin=\u00a0\u00bbdefault\u00a0\u00bb equal_height=\u00a0\u00bbyes\u00a0\u00bb content_placement=\u00a0\u00bbmiddle\u00a0\u00bb column_direction=\u00a0\u00bbdefault\u00a0\u00bb column_direction_tablet=\u00a0\u00bbdefault\u00a0\u00bb column_direction_phone=\u00a0\u00bbdefault\u00a0\u00bb full_height=\u00a0\u00bbyes\u00a0\u00bb columns_placement=\u00a0\u00bbstretch\u00a0\u00bb scene_position=\u00a0\u00bbcenter\u00a0\u00bb text_color=\u00a0\u00bbdark\u00a0\u00bb text_align=\u00a0\u00bbleft\u00a0\u00bb row_border_radius=\u00a0\u00bbnone\u00a0\u00bb row_border_radius_applies=\u00a0\u00bbbg\u00a0\u00bb overlay_strength=\u00a0\u00bb0.3&Prime; gradient_direction=\u00a0\u00bbleft_to_right\u00a0\u00bb shape_divider_position=\u00a0\u00bbbottom\u00a0\u00bb bg_image_animation=\u00a0\u00bbnone\u00a0\u00bb][vc_column column_padding=\u00a0\u00bbno-extra-padding\u00a0\u00bb column_padding_tablet=\u00a0\u00bbinherit\u00a0\u00bb column_padding_phone=\u00a0\u00bbinherit\u00a0\u00bb column_padding_position=\u00a0\u00bball\u00a0\u00bb background_color_opacity=\u00a0\u00bb1&Prime; background_hover_color_opacity=\u00a0\u00bb1&Prime; background_image=\u00a0\u00bb58969&Prime; background_image_position=\u00a0\u00bbcenter center\u00a0\u00bb column_shadow=\u00a0\u00bbnone\u00a0\u00bb&#8230;<\/p>\n","protected":false},"author":1,"featured_media":0,"parent":0,"menu_order":0,"comment_status":"closed","ping_status":"closed","template":"","meta":{"footnotes":""},"class_list":["post-65558","page","type-page","status-publish"],"yoast_head":"<!-- This site is optimized with the Yoast SEO plugin v25.2 - https:\/\/yoast.com\/wordpress\/plugins\/seo\/ -->\n<title>Tour Science - Torgnon<\/title>\n<meta name=\"robots\" content=\"index, follow, max-snippet:-1, max-image-preview:large, max-video-preview:-1\" \/>\n<link rel=\"canonical\" href=\"https:\/\/www.torgnon.org\/fr\/tour-science\/\" \/>\n<meta property=\"og:locale\" content=\"fr_FR\" \/>\n<meta property=\"og:type\" content=\"article\" \/>\n<meta property=\"og:title\" content=\"Tour Science - Torgnon\" \/>\n<meta property=\"og:description\" content=\"[vc_row type=\u00a0\u00bbfull_width_content\u00a0\u00bb full_screen_row_position=\u00a0\u00bbmiddle\u00a0\u00bb column_margin=\u00a0\u00bbdefault\u00a0\u00bb equal_height=\u00a0\u00bbyes\u00a0\u00bb content_placement=\u00a0\u00bbmiddle\u00a0\u00bb column_direction=\u00a0\u00bbdefault\u00a0\u00bb column_direction_tablet=\u00a0\u00bbdefault\u00a0\u00bb column_direction_phone=\u00a0\u00bbdefault\u00a0\u00bb full_height=\u00a0\u00bbyes\u00a0\u00bb columns_placement=\u00a0\u00bbstretch\u00a0\u00bb scene_position=\u00a0\u00bbcenter\u00a0\u00bb text_color=\u00a0\u00bbdark\u00a0\u00bb text_align=\u00a0\u00bbleft\u00a0\u00bb row_border_radius=\u00a0\u00bbnone\u00a0\u00bb row_border_radius_applies=\u00a0\u00bbbg\u00a0\u00bb overlay_strength=\u00a0\u00bb0.3&Prime; gradient_direction=\u00a0\u00bbleft_to_right\u00a0\u00bb shape_divider_position=\u00a0\u00bbbottom\u00a0\u00bb bg_image_animation=\u00a0\u00bbnone\u00a0\u00bb][vc_column column_padding=\u00a0\u00bbno-extra-padding\u00a0\u00bb column_padding_tablet=\u00a0\u00bbinherit\u00a0\u00bb column_padding_phone=\u00a0\u00bbinherit\u00a0\u00bb column_padding_position=\u00a0\u00bball\u00a0\u00bb background_color_opacity=\u00a0\u00bb1&Prime; background_hover_color_opacity=\u00a0\u00bb1&Prime; background_image=\u00a0\u00bb58969&Prime; background_image_position=\u00a0\u00bbcenter center\u00a0\u00bb column_shadow=\u00a0\u00bbnone\u00a0\u00bb...\" \/>\n<meta property=\"og:url\" content=\"https:\/\/www.torgnon.org\/fr\/tour-science\/\" \/>\n<meta property=\"og:site_name\" content=\"Torgnon\" \/>\n<meta property=\"article:modified_time\" content=\"2021-03-24T08:21:08+00:00\" \/>\n<meta property=\"og:image\" content=\"https:\/\/www.torgnon.org\/wp-content\/uploads\/2020\/09\/1.png\" \/>\n<meta name=\"twitter:card\" content=\"summary_large_image\" \/>\n<meta name=\"twitter:label1\" content=\"Dur\u00e9e de lecture estim\u00e9e\" \/>\n\t<meta name=\"twitter:data1\" content=\"3 minutes\" \/>\n<script type=\"application\/ld+json\" class=\"yoast-schema-graph\">{\"@context\":\"https:\/\/schema.org\",\"@graph\":[{\"@type\":\"WebPage\",\"@id\":\"https:\/\/www.torgnon.org\/fr\/tour-science\/\",\"url\":\"https:\/\/www.torgnon.org\/fr\/tour-science\/\",\"name\":\"Tour Science - Torgnon\",\"isPartOf\":{\"@id\":\"https:\/\/www.torgnon.org\/#website\"},\"primaryImageOfPage\":{\"@id\":\"https:\/\/www.torgnon.org\/fr\/tour-science\/#primaryimage\"},\"image\":{\"@id\":\"https:\/\/www.torgnon.org\/fr\/tour-science\/#primaryimage\"},\"thumbnailUrl\":\"https:\/\/www.torgnon.org\/wp-content\/uploads\/2020\/09\/1.png\",\"datePublished\":\"2021-02-28T08:57:15+00:00\",\"dateModified\":\"2021-03-24T08:21:08+00:00\",\"inLanguage\":\"fr-FR\",\"potentialAction\":[{\"@type\":\"ReadAction\",\"target\":[\"https:\/\/www.torgnon.org\/fr\/tour-science\/\"]}]},{\"@type\":\"ImageObject\",\"inLanguage\":\"fr-FR\",\"@id\":\"https:\/\/www.torgnon.org\/fr\/tour-science\/#primaryimage\",\"url\":\"https:\/\/www.torgnon.org\/wp-content\/uploads\/2020\/09\/1.png\",\"contentUrl\":\"https:\/\/www.torgnon.org\/wp-content\/uploads\/2020\/09\/1.png\"},{\"@type\":\"WebSite\",\"@id\":\"https:\/\/www.torgnon.org\/#website\",\"url\":\"https:\/\/www.torgnon.org\/\",\"name\":\"Torgnon\",\"description\":\"Torgnon Pure Emotion\",\"potentialAction\":[{\"@type\":\"SearchAction\",\"target\":{\"@type\":\"EntryPoint\",\"urlTemplate\":\"https:\/\/www.torgnon.org\/?s={search_term_string}\"},\"query-input\":{\"@type\":\"PropertyValueSpecification\",\"valueRequired\":true,\"valueName\":\"search_term_string\"}}],\"inLanguage\":\"fr-FR\"}]}<\/script>\n<!-- \/ Yoast SEO plugin. -->","yoast_head_json":{"title":"Tour Science - Torgnon","robots":{"index":"index","follow":"follow","max-snippet":"max-snippet:-1","max-image-preview":"max-image-preview:large","max-video-preview":"max-video-preview:-1"},"canonical":"https:\/\/www.torgnon.org\/fr\/tour-science\/","og_locale":"fr_FR","og_type":"article","og_title":"Tour Science - Torgnon","og_description":"[vc_row type=\u00a0\u00bbfull_width_content\u00a0\u00bb full_screen_row_position=\u00a0\u00bbmiddle\u00a0\u00bb column_margin=\u00a0\u00bbdefault\u00a0\u00bb equal_height=\u00a0\u00bbyes\u00a0\u00bb content_placement=\u00a0\u00bbmiddle\u00a0\u00bb column_direction=\u00a0\u00bbdefault\u00a0\u00bb column_direction_tablet=\u00a0\u00bbdefault\u00a0\u00bb column_direction_phone=\u00a0\u00bbdefault\u00a0\u00bb full_height=\u00a0\u00bbyes\u00a0\u00bb columns_placement=\u00a0\u00bbstretch\u00a0\u00bb scene_position=\u00a0\u00bbcenter\u00a0\u00bb text_color=\u00a0\u00bbdark\u00a0\u00bb text_align=\u00a0\u00bbleft\u00a0\u00bb row_border_radius=\u00a0\u00bbnone\u00a0\u00bb row_border_radius_applies=\u00a0\u00bbbg\u00a0\u00bb overlay_strength=\u00a0\u00bb0.3&Prime; gradient_direction=\u00a0\u00bbleft_to_right\u00a0\u00bb shape_divider_position=\u00a0\u00bbbottom\u00a0\u00bb bg_image_animation=\u00a0\u00bbnone\u00a0\u00bb][vc_column column_padding=\u00a0\u00bbno-extra-padding\u00a0\u00bb column_padding_tablet=\u00a0\u00bbinherit\u00a0\u00bb column_padding_phone=\u00a0\u00bbinherit\u00a0\u00bb column_padding_position=\u00a0\u00bball\u00a0\u00bb background_color_opacity=\u00a0\u00bb1&Prime; background_hover_color_opacity=\u00a0\u00bb1&Prime; background_image=\u00a0\u00bb58969&Prime; background_image_position=\u00a0\u00bbcenter center\u00a0\u00bb column_shadow=\u00a0\u00bbnone\u00a0\u00bb...","og_url":"https:\/\/www.torgnon.org\/fr\/tour-science\/","og_site_name":"Torgnon","article_modified_time":"2021-03-24T08:21:08+00:00","og_image":[{"url":"https:\/\/www.torgnon.org\/wp-content\/uploads\/2020\/09\/1.png","type":"","width":"","height":""}],"twitter_card":"summary_large_image","twitter_misc":{"Dur\u00e9e de lecture estim\u00e9e":"3 minutes"},"schema":{"@context":"https:\/\/schema.org","@graph":[{"@type":"WebPage","@id":"https:\/\/www.torgnon.org\/fr\/tour-science\/","url":"https:\/\/www.torgnon.org\/fr\/tour-science\/","name":"Tour Science - Torgnon","isPartOf":{"@id":"https:\/\/www.torgnon.org\/#website"},"primaryImageOfPage":{"@id":"https:\/\/www.torgnon.org\/fr\/tour-science\/#primaryimage"},"image":{"@id":"https:\/\/www.torgnon.org\/fr\/tour-science\/#primaryimage"},"thumbnailUrl":"https:\/\/www.torgnon.org\/wp-content\/uploads\/2020\/09\/1.png","datePublished":"2021-02-28T08:57:15+00:00","dateModified":"2021-03-24T08:21:08+00:00","inLanguage":"fr-FR","potentialAction":[{"@type":"ReadAction","target":["https:\/\/www.torgnon.org\/fr\/tour-science\/"]}]},{"@type":"ImageObject","inLanguage":"fr-FR","@id":"https:\/\/www.torgnon.org\/fr\/tour-science\/#primaryimage","url":"https:\/\/www.torgnon.org\/wp-content\/uploads\/2020\/09\/1.png","contentUrl":"https:\/\/www.torgnon.org\/wp-content\/uploads\/2020\/09\/1.png"},{"@type":"WebSite","@id":"https:\/\/www.torgnon.org\/#website","url":"https:\/\/www.torgnon.org\/","name":"Torgnon","description":"Torgnon Pure Emotion","potentialAction":[{"@type":"SearchAction","target":{"@type":"EntryPoint","urlTemplate":"https:\/\/www.torgnon.org\/?s={search_term_string}"},"query-input":{"@type":"PropertyValueSpecification","valueRequired":true,"valueName":"search_term_string"}}],"inLanguage":"fr-FR"}]}},"_links":{"self":[{"href":"https:\/\/www.torgnon.org\/fr\/wp-json\/wp\/v2\/pages\/65558"}],"collection":[{"href":"https:\/\/www.torgnon.org\/fr\/wp-json\/wp\/v2\/pages"}],"about":[{"href":"https:\/\/www.torgnon.org\/fr\/wp-json\/wp\/v2\/types\/page"}],"author":[{"embeddable":true,"href":"https:\/\/www.torgnon.org\/fr\/wp-json\/wp\/v2\/users\/1"}],"replies":[{"embeddable":true,"href":"https:\/\/www.torgnon.org\/fr\/wp-json\/wp\/v2\/comments?post=65558"}],"version-history":[{"count":16,"href":"https:\/\/www.torgnon.org\/fr\/wp-json\/wp\/v2\/pages\/65558\/revisions"}],"predecessor-version":[{"id":67217,"href":"https:\/\/www.torgnon.org\/fr\/wp-json\/wp\/v2\/pages\/65558\/revisions\/67217"}],"wp:attachment":[{"href":"https:\/\/www.torgnon.org\/fr\/wp-json\/wp\/v2\/media?parent=65558"}],"curies":[{"name":"wp","href":"https:\/\/api.w.org\/{rel}","templated":true}]}}