{"id":65653,"date":"2021-03-04T18:26:18","date_gmt":"2021-03-04T17:26:18","guid":{"rendered":"https:\/\/www.torgnon.org\/meteo\/"},"modified":"2022-05-11T12:51:47","modified_gmt":"2022-05-11T10:51:47","slug":"meteo","status":"publish","type":"page","link":"https:\/\/www.torgnon.org\/fr\/meteo\/","title":{"rendered":"Met\u00e9o"},"content":{"rendered":"[vc_row type=\u00a0\u00bbfull_width_background\u00a0\u00bb full_screen_row_position=\u00a0\u00bbmiddle\u00a0\u00bb column_margin=\u00a0\u00bbdefault\u00a0\u00bb equal_height=\u00a0\u00bbyes\u00a0\u00bb content_placement=\u00a0\u00bbbottom\u00a0\u00bb column_direction=\u00a0\u00bbdefault\u00a0\u00bb column_direction_tablet=\u00a0\u00bbdefault\u00a0\u00bb column_direction_phone=\u00a0\u00bbdefault\u00a0\u00bb bg_color=\u00a0\u00bb#d1d1ca\u00a0\u00bb bg_image=\u00a0\u00bb61323&Prime; bg_position=\u00a0\u00bbcenter center\u00a0\u00bb bg_repeat=\u00a0\u00bbno-repeat\u00a0\u00bb scene_position=\u00a0\u00bbcenter\u00a0\u00bb top_padding=\u00a0\u00bb15%\u00a0\u00bb bottom_padding=\u00a0\u00bb13%\u00a0\u00bb text_color=\u00a0\u00bblight\u00a0\u00bb text_align=\u00a0\u00bbleft\u00a0\u00bb row_border_radius=\u00a0\u00bbnone\u00a0\u00bb row_border_radius_applies=\u00a0\u00bbbg\u00a0\u00bb color_overlay=\u00a0\u00bb#0a0a0a\u00a0\u00bb overlay_strength=\u00a0\u00bb0.8&Prime; gradient_direction=\u00a0\u00bbleft_to_right\u00a0\u00bb shape_divider_position=\u00a0\u00bbbottom\u00a0\u00bb shape_divider_height=\u00a0\u00bb350&Prime; bg_image_animation=\u00a0\u00bbfade-in\u00a0\u00bb parallax_bg=\u00a0\u00bbtrue\u00a0\u00bb parallax_bg_speed=\u00a0\u00bbfast\u00a0\u00bb shape_type=\u00a0\u00bbmountains\u00a0\u00bb][vc_column column_padding=\u00a0\u00bbno-extra-padding\u00a0\u00bb column_padding_tablet=\u00a0\u00bbinherit\u00a0\u00bb column_padding_phone=\u00a0\u00bbinherit\u00a0\u00bb column_padding_position=\u00a0\u00bball\u00a0\u00bb background_color_opacity=\u00a0\u00bb1&Prime; background_hover_color_opacity=\u00a0\u00bb1&Prime; column_shadow=\u00a0\u00bbnone\u00a0\u00bb column_border_radius=\u00a0\u00bbnone\u00a0\u00bb column_link_target=\u00a0\u00bb_self\u00a0\u00bb gradient_direction=\u00a0\u00bbleft_to_right\u00a0\u00bb overlay_strength=\u00a0\u00bb0.3&Prime; width=\u00a0\u00bb1\/1&Prime; tablet_width_inherit=\u00a0\u00bbdefault\u00a0\u00bb tablet_text_alignment=\u00a0\u00bbdefault\u00a0\u00bb phone_text_alignment=\u00a0\u00bbdefault\u00a0\u00bb column_border_width=\u00a0\u00bbnone\u00a0\u00bb column_border_style=\u00a0\u00bbsolid\u00a0\u00bb bg_image_animation=\u00a0\u00bbnone\u00a0\u00bb][nectar_highlighted_text style=\u00a0\u00bbtext_outline\u00a0\u00bb outline_thickness=\u00a0\u00bbregular\u00a0\u00bb text_outline_color=\u00a0\u00bb#000000&Prime; text=\u00a0\u00bb9vh\u00a0\u00bb custom_font_size=\u00a0\u00bb11vh\u00a0\u00bb]\n<h1 style=\"text-align: center;\">Torgnon Service M\u00e9t\u00e9o<\/h1>\n[\/nectar_highlighted_text][vc_column_text]\n<p style=\"text-align: center;\">D\u00e9couvrez les pr\u00e9visions m\u00e9t\u00e9o pour la commune de Torgnon afin de profiter pleinement de la beaut\u00e9 du territoire.<\/p>\n[\/vc_column_text][divider line_type=\u00a0\u00bbNo Line\u00a0\u00bb][vc_column_text]\n<div style=\"text-align: center;\"><iframe loading=\"lazy\" id=\"pippo\" src=\"https:\/\/www.3bmeteo.com\/moduli_esterni\/localita_7_giorni_compatto\/7299\/ffffff\/fc9b2a00\/ffffff\/8b040400\/fr\" width=\"700px\" height=\"400px\" frameborder=\"0\"><\/iframe><\/div>\n[\/vc_column_text][\/vc_column][\/vc_row]\n","protected":false},"excerpt":{"rendered":"<p>[vc_row type=\u00a0\u00bbfull_width_background\u00a0\u00bb full_screen_row_position=\u00a0\u00bbmiddle\u00a0\u00bb column_margin=\u00a0\u00bbdefault\u00a0\u00bb equal_height=\u00a0\u00bbyes\u00a0\u00bb content_placement=\u00a0\u00bbbottom\u00a0\u00bb column_direction=\u00a0\u00bbdefault\u00a0\u00bb column_direction_tablet=\u00a0\u00bbdefault\u00a0\u00bb column_direction_phone=\u00a0\u00bbdefault\u00a0\u00bb bg_color=\u00a0\u00bb#d1d1ca\u00a0\u00bb bg_image=\u00a0\u00bb61323&Prime; bg_position=\u00a0\u00bbcenter center\u00a0\u00bb bg_repeat=\u00a0\u00bbno-repeat\u00a0\u00bb scene_position=\u00a0\u00bbcenter\u00a0\u00bb top_padding=\u00a0\u00bb15%\u00a0\u00bb bottom_padding=\u00a0\u00bb13%\u00a0\u00bb text_color=\u00a0\u00bblight\u00a0\u00bb text_align=\u00a0\u00bbleft\u00a0\u00bb row_border_radius=\u00a0\u00bbnone\u00a0\u00bb row_border_radius_applies=\u00a0\u00bbbg\u00a0\u00bb color_overlay=\u00a0\u00bb#0a0a0a\u00a0\u00bb overlay_strength=\u00a0\u00bb0.8&Prime; gradient_direction=\u00a0\u00bbleft_to_right\u00a0\u00bb shape_divider_position=\u00a0\u00bbbottom\u00a0\u00bb shape_divider_height=\u00a0\u00bb350&Prime; bg_image_animation=\u00a0\u00bbfade-in\u00a0\u00bb parallax_bg=\u00a0\u00bbtrue\u00a0\u00bb parallax_bg_speed=\u00a0\u00bbfast\u00a0\u00bb shape_type=\u00a0\u00bbmountains\u00a0\u00bb][vc_column&#8230;<\/p>\n","protected":false},"author":1,"featured_media":0,"parent":0,"menu_order":87,"comment_status":"closed","ping_status":"closed","template":"","meta":{"footnotes":""},"class_list":["post-65653","page","type-page","status-publish"],"yoast_head":"<!-- This site is optimized with the Yoast SEO plugin v25.2 - https:\/\/yoast.com\/wordpress\/plugins\/seo\/ -->\n<title>Met\u00e9o - Torgnon<\/title>\n<meta name=\"robots\" content=\"index, follow, max-snippet:-1, max-image-preview:large, max-video-preview:-1\" \/>\n<link rel=\"canonical\" href=\"https:\/\/www.torgnon.org\/fr\/meteo\/\" \/>\n<meta property=\"og:locale\" content=\"fr_FR\" \/>\n<meta property=\"og:type\" content=\"article\" \/>\n<meta property=\"og:title\" content=\"Met\u00e9o - Torgnon\" \/>\n<meta property=\"og:description\" content=\"[vc_row type=\u00a0\u00bbfull_width_background\u00a0\u00bb full_screen_row_position=\u00a0\u00bbmiddle\u00a0\u00bb column_margin=\u00a0\u00bbdefault\u00a0\u00bb equal_height=\u00a0\u00bbyes\u00a0\u00bb content_placement=\u00a0\u00bbbottom\u00a0\u00bb column_direction=\u00a0\u00bbdefault\u00a0\u00bb column_direction_tablet=\u00a0\u00bbdefault\u00a0\u00bb column_direction_phone=\u00a0\u00bbdefault\u00a0\u00bb bg_color=\u00a0\u00bb#d1d1ca\u00a0\u00bb bg_image=\u00a0\u00bb61323&Prime; bg_position=\u00a0\u00bbcenter center\u00a0\u00bb bg_repeat=\u00a0\u00bbno-repeat\u00a0\u00bb scene_position=\u00a0\u00bbcenter\u00a0\u00bb top_padding=\u00a0\u00bb15%\u00a0\u00bb bottom_padding=\u00a0\u00bb13%\u00a0\u00bb text_color=\u00a0\u00bblight\u00a0\u00bb text_align=\u00a0\u00bbleft\u00a0\u00bb row_border_radius=\u00a0\u00bbnone\u00a0\u00bb row_border_radius_applies=\u00a0\u00bbbg\u00a0\u00bb color_overlay=\u00a0\u00bb#0a0a0a\u00a0\u00bb overlay_strength=\u00a0\u00bb0.8&Prime; gradient_direction=\u00a0\u00bbleft_to_right\u00a0\u00bb shape_divider_position=\u00a0\u00bbbottom\u00a0\u00bb shape_divider_height=\u00a0\u00bb350&Prime; bg_image_animation=\u00a0\u00bbfade-in\u00a0\u00bb parallax_bg=\u00a0\u00bbtrue\u00a0\u00bb parallax_bg_speed=\u00a0\u00bbfast\u00a0\u00bb shape_type=\u00a0\u00bbmountains\u00a0\u00bb][vc_column...\" \/>\n<meta property=\"og:url\" content=\"https:\/\/www.torgnon.org\/fr\/meteo\/\" \/>\n<meta property=\"og:site_name\" content=\"Torgnon\" \/>\n<meta property=\"article:modified_time\" content=\"2022-05-11T10:51:47+00:00\" \/>\n<meta name=\"twitter:card\" content=\"summary_large_image\" \/>\n<meta name=\"twitter:label1\" content=\"Dur\u00e9e de lecture estim\u00e9e\" \/>\n\t<meta name=\"twitter:data1\" content=\"1 minute\" \/>\n<script type=\"application\/ld+json\" class=\"yoast-schema-graph\">{\"@context\":\"https:\/\/schema.org\",\"@graph\":[{\"@type\":\"WebPage\",\"@id\":\"https:\/\/www.torgnon.org\/fr\/meteo\/\",\"url\":\"https:\/\/www.torgnon.org\/fr\/meteo\/\",\"name\":\"Met\u00e9o - Torgnon\",\"isPartOf\":{\"@id\":\"https:\/\/www.torgnon.org\/#website\"},\"datePublished\":\"2021-03-04T17:26:18+00:00\",\"dateModified\":\"2022-05-11T10:51:47+00:00\",\"inLanguage\":\"fr-FR\",\"potentialAction\":[{\"@type\":\"ReadAction\",\"target\":[\"https:\/\/www.torgnon.org\/fr\/meteo\/\"]}]},{\"@type\":\"WebSite\",\"@id\":\"https:\/\/www.torgnon.org\/#website\",\"url\":\"https:\/\/www.torgnon.org\/\",\"name\":\"Torgnon\",\"description\":\"Torgnon Pure Emotion\",\"potentialAction\":[{\"@type\":\"SearchAction\",\"target\":{\"@type\":\"EntryPoint\",\"urlTemplate\":\"https:\/\/www.torgnon.org\/?s={search_term_string}\"},\"query-input\":{\"@type\":\"PropertyValueSpecification\",\"valueRequired\":true,\"valueName\":\"search_term_string\"}}],\"inLanguage\":\"fr-FR\"}]}<\/script>\n<!-- \/ Yoast SEO plugin. -->","yoast_head_json":{"title":"Met\u00e9o - Torgnon","robots":{"index":"index","follow":"follow","max-snippet":"max-snippet:-1","max-image-preview":"max-image-preview:large","max-video-preview":"max-video-preview:-1"},"canonical":"https:\/\/www.torgnon.org\/fr\/meteo\/","og_locale":"fr_FR","og_type":"article","og_title":"Met\u00e9o - Torgnon","og_description":"[vc_row type=\u00a0\u00bbfull_width_background\u00a0\u00bb full_screen_row_position=\u00a0\u00bbmiddle\u00a0\u00bb column_margin=\u00a0\u00bbdefault\u00a0\u00bb equal_height=\u00a0\u00bbyes\u00a0\u00bb content_placement=\u00a0\u00bbbottom\u00a0\u00bb column_direction=\u00a0\u00bbdefault\u00a0\u00bb column_direction_tablet=\u00a0\u00bbdefault\u00a0\u00bb column_direction_phone=\u00a0\u00bbdefault\u00a0\u00bb bg_color=\u00a0\u00bb#d1d1ca\u00a0\u00bb bg_image=\u00a0\u00bb61323&Prime; bg_position=\u00a0\u00bbcenter center\u00a0\u00bb bg_repeat=\u00a0\u00bbno-repeat\u00a0\u00bb scene_position=\u00a0\u00bbcenter\u00a0\u00bb top_padding=\u00a0\u00bb15%\u00a0\u00bb bottom_padding=\u00a0\u00bb13%\u00a0\u00bb text_color=\u00a0\u00bblight\u00a0\u00bb text_align=\u00a0\u00bbleft\u00a0\u00bb row_border_radius=\u00a0\u00bbnone\u00a0\u00bb row_border_radius_applies=\u00a0\u00bbbg\u00a0\u00bb color_overlay=\u00a0\u00bb#0a0a0a\u00a0\u00bb overlay_strength=\u00a0\u00bb0.8&Prime; gradient_direction=\u00a0\u00bbleft_to_right\u00a0\u00bb shape_divider_position=\u00a0\u00bbbottom\u00a0\u00bb shape_divider_height=\u00a0\u00bb350&Prime; bg_image_animation=\u00a0\u00bbfade-in\u00a0\u00bb parallax_bg=\u00a0\u00bbtrue\u00a0\u00bb parallax_bg_speed=\u00a0\u00bbfast\u00a0\u00bb shape_type=\u00a0\u00bbmountains\u00a0\u00bb][vc_column...","og_url":"https:\/\/www.torgnon.org\/fr\/meteo\/","og_site_name":"Torgnon","article_modified_time":"2022-05-11T10:51:47+00:00","twitter_card":"summary_large_image","twitter_misc":{"Dur\u00e9e de lecture estim\u00e9e":"1 minute"},"schema":{"@context":"https:\/\/schema.org","@graph":[{"@type":"WebPage","@id":"https:\/\/www.torgnon.org\/fr\/meteo\/","url":"https:\/\/www.torgnon.org\/fr\/meteo\/","name":"Met\u00e9o - Torgnon","isPartOf":{"@id":"https:\/\/www.torgnon.org\/#website"},"datePublished":"2021-03-04T17:26:18+00:00","dateModified":"2022-05-11T10:51:47+00:00","inLanguage":"fr-FR","potentialAction":[{"@type":"ReadAction","target":["https:\/\/www.torgnon.org\/fr\/meteo\/"]}]},{"@type":"WebSite","@id":"https:\/\/www.torgnon.org\/#website","url":"https:\/\/www.torgnon.org\/","name":"Torgnon","description":"Torgnon Pure Emotion","potentialAction":[{"@type":"SearchAction","target":{"@type":"EntryPoint","urlTemplate":"https:\/\/www.torgnon.org\/?s={search_term_string}"},"query-input":{"@type":"PropertyValueSpecification","valueRequired":true,"valueName":"search_term_string"}}],"inLanguage":"fr-FR"}]}},"_links":{"self":[{"href":"https:\/\/www.torgnon.org\/fr\/wp-json\/wp\/v2\/pages\/65653"}],"collection":[{"href":"https:\/\/www.torgnon.org\/fr\/wp-json\/wp\/v2\/pages"}],"about":[{"href":"https:\/\/www.torgnon.org\/fr\/wp-json\/wp\/v2\/types\/page"}],"author":[{"embeddable":true,"href":"https:\/\/www.torgnon.org\/fr\/wp-json\/wp\/v2\/users\/1"}],"replies":[{"embeddable":true,"href":"https:\/\/www.torgnon.org\/fr\/wp-json\/wp\/v2\/comments?post=65653"}],"version-history":[{"count":7,"href":"https:\/\/www.torgnon.org\/fr\/wp-json\/wp\/v2\/pages\/65653\/revisions"}],"predecessor-version":[{"id":72742,"href":"https:\/\/www.torgnon.org\/fr\/wp-json\/wp\/v2\/pages\/65653\/revisions\/72742"}],"wp:attachment":[{"href":"https:\/\/www.torgnon.org\/fr\/wp-json\/wp\/v2\/media?parent=65653"}],"curies":[{"name":"wp","href":"https:\/\/api.w.org\/{rel}","templated":true}]}}