{"id":66600,"date":"2021-03-12T11:11:02","date_gmt":"2021-03-12T10:11:02","guid":{"rendered":"https:\/\/www.torgnon.org\/comment-arriver-a-torgnon\/"},"modified":"2021-03-16T10:00:10","modified_gmt":"2021-03-16T09:00:10","slug":"comment-arriver-a-torgnon","status":"publish","type":"page","link":"https:\/\/www.torgnon.org\/fr\/comment-arriver-a-torgnon\/","title":{"rendered":"Comment arriver \u00e0 Torgnon"},"content":{"rendered":"[vc_row bg_check=\u00a0\u00bbrow-background-dark\u00a0\u00bb dfd_row_config=\u00a0\u00bbfull_width_content\u00a0\u00bb][vc_column][vc_row_inner css=\u00a0\u00bb.vc_custom_1572258787930{background-image: url(https:\/\/www.torgnon.org\/wp-content\/uploads\/2015\/11\/cover-turismo.jpg?id=14387) !important;background-position: center !important;background-repeat: no-repeat !important;background-size: cover !important;}\u00a0\u00bb][vc_column_inner][ultimate_spacer height=\u00a0\u00bb200&Prime; height_on_tabs=\u00a0\u00bb100&Prime; height_on_mob=\u00a0\u00bb50&Prime;][ultimate_info_banner icon_size=\u00a0\u00bb32&Prime; banner_title=\u00a0\u00bbCONTATTI\u00a0\u00bb]\n<h3><\/h3>\n[\/ultimate_info_banner][ultimate_spacer height=\u00a0\u00bb200&Prime; height_on_tabs=\u00a0\u00bb100&Prime; height_on_mob=\u00a0\u00bb50&Prime;][\/vc_column_inner][\/vc_row_inner][\/vc_column][\/vc_row][vc_row force_equal_height_columns=\u00a0\u00bbmain_row\u00a0\u00bb dfd_row_config=\u00a0\u00bbfull_width_content\u00a0\u00bb css=\u00a0\u00bb.vc_custom_1447324277225{background-color: #f4f4f4 !important;}\u00a0\u00bb][vc_column css=\u00a0\u00bb.vc_custom_1447334402913{padding-right: 8% !important;padding-left: 8% !important;}\u00a0\u00bb][ultimate_spacer height=\u00a0\u00bb80&Prime; height_on_tabs=\u00a0\u00bb60&Prime; height_on_mob=\u00a0\u00bb50&Prime;][ultimate_heading heading_type=\u00a0\u00bbcustomizable\u00a0\u00bb heading_content=\u00a0\u00bbLA TUA VACANZA DA SOGNO PARTE DA QUI\u00a0\u00bb main_heading_default_weight=\u00a0\u00bb600&Prime; default_sub_heading=\u00a0\u00bbVuoi venire a trovarci?\u00a0\u00bb heading_configuration=\u00a0\u00bbbottom\u00a0\u00bb spacer=\u00a0\u00bbline_only\u00a0\u00bb spacer_position=\u00a0\u00bbboth-left-right\u00a0\u00bb line_style=\u00a0\u00bbdotted\u00a0\u00bb line_height=\u00a0\u00bb1&Prime; line_color=\u00a0\u00bb#c1c1c1&Prime; line_width=\u00a0\u00bb40&Prime; main_heading_font_size=\u00a0\u00bb18&Prime;][\/ultimate_heading][ultimate_spacer height=\u00a0\u00bb35&Prime; height_on_tabs=\u00a0\u00bb30&Prime; height_on_mob=\u00a0\u00bb30&Prime;][vc_column_text][local_it][\/vc_column_text][ultimate_spacer height=\u00a0\u00bb80&Prime; height_on_tabs=\u00a0\u00bb60&Prime; height_on_mob=\u00a0\u00bb50&Prime;][\/vc_column][\/vc_row]\n","protected":false},"excerpt":{"rendered":"<p>Indications pour atteindre Torgnon<\/p>\n","protected":false},"author":1,"featured_media":0,"parent":0,"menu_order":0,"comment_status":"closed","ping_status":"open","template":"","meta":{"footnotes":""},"class_list":["post-66600","page","type-page","status-publish"],"yoast_head":"<!-- This site is optimized with the Yoast SEO plugin v25.2 - https:\/\/yoast.com\/wordpress\/plugins\/seo\/ -->\n<title>Comment arriver \u00e0 Torgnon<\/title>\n<meta name=\"description\" content=\"Comment arriver \u00e0 Torgnon, Vall\u00e9e d&#039;Aoste\" \/>\n<meta name=\"robots\" content=\"index, follow, max-snippet:-1, max-image-preview:large, max-video-preview:-1\" \/>\n<link rel=\"canonical\" href=\"https:\/\/www.torgnon.org\/fr\/comment-arriver-a-torgnon\/\" \/>\n<meta property=\"og:locale\" content=\"fr_FR\" \/>\n<meta property=\"og:type\" content=\"article\" \/>\n<meta property=\"og:title\" content=\"Comment arriver \u00e0 Torgnon\" \/>\n<meta property=\"og:description\" content=\"Indications pour atteindre Torgnon\" \/>\n<meta property=\"og:url\" content=\"https:\/\/www.torgnon.org\/fr\/comment-arriver-a-torgnon\/\" \/>\n<meta property=\"og:site_name\" content=\"Torgnon\" \/>\n<meta property=\"article:modified_time\" content=\"2021-03-16T09:00:10+00:00\" \/>\n<meta name=\"twitter:card\" content=\"summary_large_image\" \/>\n<meta name=\"twitter:title\" content=\"Comment arriver \u00e0 Torgnon\" \/>\n<meta name=\"twitter:description\" content=\"Indications pour atteindre Torgnon\" \/>\n<meta name=\"twitter:label1\" content=\"Dur\u00e9e de lecture estim\u00e9e\" \/>\n\t<meta name=\"twitter:data1\" content=\"1 minute\" \/>\n<script type=\"application\/ld+json\" class=\"yoast-schema-graph\">{\"@context\":\"https:\/\/schema.org\",\"@graph\":[{\"@type\":\"WebPage\",\"@id\":\"https:\/\/www.torgnon.org\/fr\/comment-arriver-a-torgnon\/\",\"url\":\"https:\/\/www.torgnon.org\/fr\/comment-arriver-a-torgnon\/\",\"name\":\"Comment arriver \u00e0 Torgnon\",\"isPartOf\":{\"@id\":\"https:\/\/www.torgnon.org\/#website\"},\"datePublished\":\"2021-03-12T10:11:02+00:00\",\"dateModified\":\"2021-03-16T09:00:10+00:00\",\"description\":\"Comment arriver \u00e0 Torgnon, Vall\u00e9e d'Aoste\",\"inLanguage\":\"fr-FR\",\"potentialAction\":[{\"@type\":\"ReadAction\",\"target\":[\"https:\/\/www.torgnon.org\/fr\/comment-arriver-a-torgnon\/\"]}]},{\"@type\":\"WebSite\",\"@id\":\"https:\/\/www.torgnon.org\/#website\",\"url\":\"https:\/\/www.torgnon.org\/\",\"name\":\"Torgnon\",\"description\":\"Torgnon Pure Emotion\",\"potentialAction\":[{\"@type\":\"SearchAction\",\"target\":{\"@type\":\"EntryPoint\",\"urlTemplate\":\"https:\/\/www.torgnon.org\/?s={search_term_string}\"},\"query-input\":{\"@type\":\"PropertyValueSpecification\",\"valueRequired\":true,\"valueName\":\"search_term_string\"}}],\"inLanguage\":\"fr-FR\"}]}<\/script>\n<!-- \/ Yoast SEO plugin. -->","yoast_head_json":{"title":"Comment arriver \u00e0 Torgnon","description":"Comment arriver \u00e0 Torgnon, Vall\u00e9e d'Aoste","robots":{"index":"index","follow":"follow","max-snippet":"max-snippet:-1","max-image-preview":"max-image-preview:large","max-video-preview":"max-video-preview:-1"},"canonical":"https:\/\/www.torgnon.org\/fr\/comment-arriver-a-torgnon\/","og_locale":"fr_FR","og_type":"article","og_title":"Comment arriver \u00e0 Torgnon","og_description":"Indications pour atteindre Torgnon","og_url":"https:\/\/www.torgnon.org\/fr\/comment-arriver-a-torgnon\/","og_site_name":"Torgnon","article_modified_time":"2021-03-16T09:00:10+00:00","twitter_card":"summary_large_image","twitter_title":"Comment arriver \u00e0 Torgnon","twitter_description":"Indications pour atteindre Torgnon","twitter_misc":{"Dur\u00e9e de lecture estim\u00e9e":"1 minute"},"schema":{"@context":"https:\/\/schema.org","@graph":[{"@type":"WebPage","@id":"https:\/\/www.torgnon.org\/fr\/comment-arriver-a-torgnon\/","url":"https:\/\/www.torgnon.org\/fr\/comment-arriver-a-torgnon\/","name":"Comment arriver \u00e0 Torgnon","isPartOf":{"@id":"https:\/\/www.torgnon.org\/#website"},"datePublished":"2021-03-12T10:11:02+00:00","dateModified":"2021-03-16T09:00:10+00:00","description":"Comment arriver \u00e0 Torgnon, Vall\u00e9e d'Aoste","inLanguage":"fr-FR","potentialAction":[{"@type":"ReadAction","target":["https:\/\/www.torgnon.org\/fr\/comment-arriver-a-torgnon\/"]}]},{"@type":"WebSite","@id":"https:\/\/www.torgnon.org\/#website","url":"https:\/\/www.torgnon.org\/","name":"Torgnon","description":"Torgnon Pure Emotion","potentialAction":[{"@type":"SearchAction","target":{"@type":"EntryPoint","urlTemplate":"https:\/\/www.torgnon.org\/?s={search_term_string}"},"query-input":{"@type":"PropertyValueSpecification","valueRequired":true,"valueName":"search_term_string"}}],"inLanguage":"fr-FR"}]}},"_links":{"self":[{"href":"https:\/\/www.torgnon.org\/fr\/wp-json\/wp\/v2\/pages\/66600"}],"collection":[{"href":"https:\/\/www.torgnon.org\/fr\/wp-json\/wp\/v2\/pages"}],"about":[{"href":"https:\/\/www.torgnon.org\/fr\/wp-json\/wp\/v2\/types\/page"}],"author":[{"embeddable":true,"href":"https:\/\/www.torgnon.org\/fr\/wp-json\/wp\/v2\/users\/1"}],"replies":[{"embeddable":true,"href":"https:\/\/www.torgnon.org\/fr\/wp-json\/wp\/v2\/comments?post=66600"}],"version-history":[{"count":3,"href":"https:\/\/www.torgnon.org\/fr\/wp-json\/wp\/v2\/pages\/66600\/revisions"}],"predecessor-version":[{"id":66879,"href":"https:\/\/www.torgnon.org\/fr\/wp-json\/wp\/v2\/pages\/66600\/revisions\/66879"}],"wp:attachment":[{"href":"https:\/\/www.torgnon.org\/fr\/wp-json\/wp\/v2\/media?parent=66600"}],"curies":[{"name":"wp","href":"https:\/\/api.w.org\/{rel}","templated":true}]}}