{"id":66668,"date":"2021-03-12T11:36:43","date_gmt":"2021-03-12T10:36:43","guid":{"rendered":"https:\/\/www.torgnon.org\/meteo-2\/"},"modified":"2021-03-12T11:36:43","modified_gmt":"2021-03-12T10:36:43","slug":"meteo-2","status":"publish","type":"page","link":"https:\/\/www.torgnon.org\/fr\/meteo-2\/","title":{"rendered":"M\u00e9t\u00e9o"},"content":{"rendered":"[vc_row dfd_row_config=\u00a0\u00bbfull_width_content\u00a0\u00bb css=\u00a0\u00bb.vc_custom_1572258934739{background-image: url(https:\/\/www.torgnon.org\/wp-content\/uploads\/2015\/11\/meteo-winter-new.jpg?id=59623) !important;background-position: center !important;background-repeat: no-repeat !important;background-size: cover !important;}\u00a0\u00bb][vc_column css=\u00a0\u00bb.vc_custom_1447345583148{padding-right: 8% !important;padding-left: 8% !important;}\u00a0\u00bb][ultimate_spacer height=\u00a0\u00bb200&Prime; height_on_tabs=\u00a0\u00bb100&Prime; height_on_mob=\u00a0\u00bb50&Prime;][ultimate_info_banner icon_size=\u00a0\u00bb32&Prime; banner_title=\u00a0\u00bbMETEO\u00a0\u00bb]\n<h3><\/h3>\n[\/ultimate_info_banner][ultimate_spacer height=\u00a0\u00bb80&Prime; height_on_tabs=\u00a0\u00bb80&Prime; height_on_mob=\u00a0\u00bb50&Prime;][vc_column_text]\n[wcp_weather id=\u00a0\u00bbwcp_openweather_5644c4b0d2c3c\u00a0\u00bb city=\u00a0\u00bbTorgnon, Valle d\\&rsquo;Aosta, Italia\u00a0\u00bb city_data=\u00a0\u00bbcity=Torgnon&amp;state=Valle d\\&rsquo;Aosta&amp;country=Italia&amp;full_name=Torgnon, Valle d\\&rsquo;Aosta, Italia&amp;lat=45.80314569999999&amp;lng=7.571286999999984&Prime; tempUnit=\u00a0\u00bbc\u00a0\u00bb windSpeedUnit=\u00a0\u00bbms\u00a0\u00bb pressureUnit=\u00a0\u00bbmmHg\u00a0\u00bb template=\u00a0\u00bbdefault\u00a0\u00bb showCurrentWeather=\u00a0\u00bbon\u00a0\u00bb showForecastWeather=\u00a0\u00bbon\u00a0\u00bb background_image=\u00a0\u00bb13976&Prime; text_color=\u00a0\u00bb#0a0a0a\u00a0\u00bb background_color=\u00a0\u00bb#e2e2e2&Prime; background_opacity=\u00a0\u00bb40&Prime;]\n[\/vc_column_text][ultimate_spacer height=\u00a0\u00bb80&Prime; height_on_tabs=\u00a0\u00bb50&Prime; height_on_mob=\u00a0\u00bb30&Prime;][\/vc_column][\/vc_row]\n","protected":false},"excerpt":{"rendered":"<p>[vc_row dfd_row_config=\u00a0\u00bbfull_width_content\u00a0\u00bb css=\u00a0\u00bb.vc_custom_1572258934739{background-image: url(https:\/\/www.torgnon.org\/wp-content\/uploads\/2015\/11\/meteo-winter-new.jpg?id=59623) !important;background-position: center !important;background-repeat: no-repeat !important;background-size: cover !important;}\u00a0\u00bb][vc_column css=\u00a0\u00bb.vc_custom_1447345583148{padding-right: 8% !important;padding-left: 8% !important;}\u00a0\u00bb][ultimate_spacer height=\u00a0\u00bb200&Prime; height_on_tabs=\u00a0\u00bb100&Prime; height_on_mob=\u00a0\u00bb50&Prime;][ultimate_info_banner icon_size=\u00a0\u00bb32&Prime; banner_title=\u00a0\u00bbMETEO\u00a0\u00bb] [\/ultimate_info_banner][ultimate_spacer height=\u00a0\u00bb80&Prime; height_on_tabs=\u00a0\u00bb80&Prime; height_on_mob=\u00a0\u00bb50&Prime;][vc_column_text] [wcp_weather id=\u00a0\u00bbwcp_openweather_5644c4b0d2c3c\u00a0\u00bb city=\u00a0\u00bbTorgnon, Valle d\\&rsquo;Aosta,&#8230;<\/p>\n","protected":false},"author":1,"featured_media":0,"parent":0,"menu_order":0,"comment_status":"closed","ping_status":"open","template":"","meta":{"footnotes":""},"class_list":["post-66668","page","type-page","status-publish"],"yoast_head":"<!-- This site is optimized with the Yoast SEO plugin v25.2 - https:\/\/yoast.com\/wordpress\/plugins\/seo\/ -->\n<title>M\u00e9t\u00e9o - Torgnon<\/title>\n<meta name=\"description\" content=\"Quel temps fait-il \u00e0 Torgnon? D\u00e9couvrez les pr\u00e9visions m\u00e9t\u00e9o !\" \/>\n<meta name=\"robots\" content=\"index, follow, max-snippet:-1, max-image-preview:large, max-video-preview:-1\" \/>\n<link rel=\"canonical\" href=\"https:\/\/www.torgnon.org\/meteo-2\/\" \/>\n<meta property=\"og:locale\" content=\"fr_FR\" \/>\n<meta property=\"og:type\" content=\"article\" \/>\n<meta property=\"og:title\" content=\"M\u00e9t\u00e9o - Torgnon\" \/>\n<meta property=\"og:description\" content=\"Quel temps fait-il \u00e0 Torgnon? D\u00e9couvrez les pr\u00e9visions m\u00e9t\u00e9o !\" \/>\n<meta property=\"og:url\" content=\"https:\/\/www.torgnon.org\/meteo-2\/\" \/>\n<meta property=\"og:site_name\" content=\"Torgnon\" \/>\n<meta name=\"twitter:card\" content=\"summary_large_image\" \/>\n<meta name=\"twitter:title\" content=\"M\u00e9t\u00e9o - Torgnon\" \/>\n<meta name=\"twitter:description\" content=\"Quel temps fait-il \u00e0 Torgnon? D\u00e9couvrez les pr\u00e9visions m\u00e9t\u00e9o !\" \/>\n<meta name=\"twitter:label1\" content=\"Dur\u00e9e de lecture estim\u00e9e\" \/>\n\t<meta name=\"twitter:data1\" content=\"1 minute\" \/>\n<script type=\"application\/ld+json\" class=\"yoast-schema-graph\">{\"@context\":\"https:\/\/schema.org\",\"@graph\":[{\"@type\":\"WebPage\",\"@id\":\"https:\/\/www.torgnon.org\/meteo-2\/\",\"url\":\"https:\/\/www.torgnon.org\/meteo-2\/\",\"name\":\"M\u00e9t\u00e9o - Torgnon\",\"isPartOf\":{\"@id\":\"https:\/\/www.torgnon.org\/#website\"},\"datePublished\":\"2021-03-12T10:36:43+00:00\",\"description\":\"Quel temps fait-il \u00e0 Torgnon? D\u00e9couvrez les pr\u00e9visions m\u00e9t\u00e9o !\",\"inLanguage\":\"fr-FR\",\"potentialAction\":[{\"@type\":\"ReadAction\",\"target\":[\"https:\/\/www.torgnon.org\/meteo-2\/\"]}]},{\"@type\":\"WebSite\",\"@id\":\"https:\/\/www.torgnon.org\/#website\",\"url\":\"https:\/\/www.torgnon.org\/\",\"name\":\"Torgnon\",\"description\":\"Torgnon Pure Emotion\",\"potentialAction\":[{\"@type\":\"SearchAction\",\"target\":{\"@type\":\"EntryPoint\",\"urlTemplate\":\"https:\/\/www.torgnon.org\/?s={search_term_string}\"},\"query-input\":{\"@type\":\"PropertyValueSpecification\",\"valueRequired\":true,\"valueName\":\"search_term_string\"}}],\"inLanguage\":\"fr-FR\"}]}<\/script>\n<!-- \/ Yoast SEO plugin. -->","yoast_head_json":{"title":"M\u00e9t\u00e9o - Torgnon","description":"Quel temps fait-il \u00e0 Torgnon? D\u00e9couvrez les pr\u00e9visions m\u00e9t\u00e9o !","robots":{"index":"index","follow":"follow","max-snippet":"max-snippet:-1","max-image-preview":"max-image-preview:large","max-video-preview":"max-video-preview:-1"},"canonical":"https:\/\/www.torgnon.org\/meteo-2\/","og_locale":"fr_FR","og_type":"article","og_title":"M\u00e9t\u00e9o - Torgnon","og_description":"Quel temps fait-il \u00e0 Torgnon? D\u00e9couvrez les pr\u00e9visions m\u00e9t\u00e9o !","og_url":"https:\/\/www.torgnon.org\/meteo-2\/","og_site_name":"Torgnon","twitter_card":"summary_large_image","twitter_title":"M\u00e9t\u00e9o - Torgnon","twitter_description":"Quel temps fait-il \u00e0 Torgnon? D\u00e9couvrez les pr\u00e9visions m\u00e9t\u00e9o !","twitter_misc":{"Dur\u00e9e de lecture estim\u00e9e":"1 minute"},"schema":{"@context":"https:\/\/schema.org","@graph":[{"@type":"WebPage","@id":"https:\/\/www.torgnon.org\/meteo-2\/","url":"https:\/\/www.torgnon.org\/meteo-2\/","name":"M\u00e9t\u00e9o - Torgnon","isPartOf":{"@id":"https:\/\/www.torgnon.org\/#website"},"datePublished":"2021-03-12T10:36:43+00:00","description":"Quel temps fait-il \u00e0 Torgnon? D\u00e9couvrez les pr\u00e9visions m\u00e9t\u00e9o !","inLanguage":"fr-FR","potentialAction":[{"@type":"ReadAction","target":["https:\/\/www.torgnon.org\/meteo-2\/"]}]},{"@type":"WebSite","@id":"https:\/\/www.torgnon.org\/#website","url":"https:\/\/www.torgnon.org\/","name":"Torgnon","description":"Torgnon Pure Emotion","potentialAction":[{"@type":"SearchAction","target":{"@type":"EntryPoint","urlTemplate":"https:\/\/www.torgnon.org\/?s={search_term_string}"},"query-input":{"@type":"PropertyValueSpecification","valueRequired":true,"valueName":"search_term_string"}}],"inLanguage":"fr-FR"}]}},"_links":{"self":[{"href":"https:\/\/www.torgnon.org\/fr\/wp-json\/wp\/v2\/pages\/66668"}],"collection":[{"href":"https:\/\/www.torgnon.org\/fr\/wp-json\/wp\/v2\/pages"}],"about":[{"href":"https:\/\/www.torgnon.org\/fr\/wp-json\/wp\/v2\/types\/page"}],"author":[{"embeddable":true,"href":"https:\/\/www.torgnon.org\/fr\/wp-json\/wp\/v2\/users\/1"}],"replies":[{"embeddable":true,"href":"https:\/\/www.torgnon.org\/fr\/wp-json\/wp\/v2\/comments?post=66668"}],"version-history":[{"count":2,"href":"https:\/\/www.torgnon.org\/fr\/wp-json\/wp\/v2\/pages\/66668\/revisions"}],"predecessor-version":[{"id":66670,"href":"https:\/\/www.torgnon.org\/fr\/wp-json\/wp\/v2\/pages\/66668\/revisions\/66670"}],"wp:attachment":[{"href":"https:\/\/www.torgnon.org\/fr\/wp-json\/wp\/v2\/media?parent=66668"}],"curies":[{"name":"wp","href":"https:\/\/api.w.org\/{rel}","templated":true}]}}